{"id":262,"date":"2011-10-05T16:12:30","date_gmt":"2011-10-05T14:12:30","guid":{"rendered":"http:\/\/paciorek.org\/bitwa\/?page_id=262"},"modified":"2012-03-25T15:37:54","modified_gmt":"2012-03-25T13:37:54","slug":"uroczystosc-obchodow-72-rocznicy","status":"publish","type":"page","link":"https:\/\/www.bitwanadbzura.pl\/?page_id=262","title":{"rendered":"Uroczysto\u015b\u0107 obchod\u00f3w 72 rocznicy &#8211; Nowy D\u0119bsk"},"content":{"rendered":"<p><strong>NOWY D\u0118BSK<\/strong><\/p>\n<p>W dniu 16 wrze\u015bnia 2011 roku w Nowym D\u0119bsku przy Pomniku Pami\u0119ci odby\u0142o si\u0119 uroczyste oddanie ho\u0142du poleg\u0142ym \u017co\u0142nierzom 26 Dywizji Piechoty na terenie gminy Nowa Sucha w 72. Rocznic\u0119 Bitwy nad Bzur\u0105.<\/p>\n<p>Na wy\u017cej wspomnian\u0105 uroczysto\u015b\u0107 przyby\u0142a liczna grupa cz\u0142onk\u00f3w ze Stowarzyszenia Senior\u00f3w Gminy Nowa Sucha, Spo\u0142eczny Komitet dla Upami\u0119tnienia Bitwy 26 Dywizji Piechoty w 1939 r.<\/p>\n<p>Urz\u0105d Gminy reprezentowa\u0142a Sekretarz p. Hanna Frankowska-Wojda.<\/p>\n<p>Ze Szko\u0142y Podstawowej im. Bohater\u00f3w Bitwy nad Bzur\u0105 w Koz\u0142owie Szlacheckim wzi\u0119li udzia\u0142 uczniowie klasy sz\u00f3stej i pi\u0105tej z wychowawczyni\u0105 p. Urszul\u0105 Szyma\u0144sk\u0105 i p. dyrektor Mari\u0105 Modzelewsk\u0105-Papiernik.<\/p>\n<p>Przybyli r\u00f3wnie\u017c reprezentanci z Gimnazjum im. Jana Paw\u0142a II w Nowej Suchej z nauczycielk\u0105 p. Ma\u0142gorzat\u0105 Milczarek.<\/p>\n<p>Byli r\u00f3wnie\u017c mieszka\u0144cy okolicznych miejscowo\u015bci. Zgromadzi\u0142o si\u0119 ponad 100 os\u00f3b.<\/p>\n<p>Uroczysto\u015b\u0107 rozpocz\u0105\u0142 Alfred Nowi\u0144ski. Przypomnia\u0142 o rozegranej w tym miejscu bitwie w dniu 16 wrze\u015bnia 1939 roku. Nast\u0119pnie przedstawi\u0142 przebieg poch\u00f3wku poleg\u0142ych \u017co\u0142nierzy i histori\u0119 Pomnika Pami\u0119ci.<\/p>\n<p>Proboszcz parafii p.w. \u015bw. Miko\u0142aja w Koz\u0142owie Szlacheckim ks. W\u0142adys\u0142aw Czaplicki odm\u00f3wi\u0142 modlitw\u0119 za poleg\u0142ych \u017co\u0142nierzy oraz wsp\u00f3ln\u0105 modlitw\u0119 ze zgromadzonymi uczestnikami tej uroczysto\u015bci.<\/p>\n<p>Dzieci ze szko\u0142y w Koz\u0142owie Szlacheckim przygotowa\u0142y program artystyczny: wiersz I. Grzyma\u0142y \u2014 \u201ePoleg\u0142ym nad Bzur\u0105\u201d i\u00a0 dwie piosenki \u2014 \u201eBia\u0142y krzy\u017c\u201d oraz \u201eDeszcz, jesienny deszcz\u201d.<\/p>\n<p>Gimnazjali\u015bci z Nowej Suchej wyrecytowali &#8222;Rot\u0119&#8221; i za\u015bpiewali &#8222;Pierwsz\u0105 Brygad\u0119&#8221;.<\/p>\n<p>Po czym nast\u0105pi\u0142o sk\u0142adanie kwiat\u00f3w i zapalenie zniczy, przy melodii \u201e\u015apij \u017co\u0142nierzu\u201d granej na saksofonie przez p. Jana S\u0142awi\u0144skiego.<\/p>\n<p>Na zako\u0144czenie zgromadzeni za\u015bpiewali dwie piosenki wojskowe \u2014 \u201eSzara piechota\u201d, \u201eRozkwita\u0142y p\u0105ki bia\u0142ych r\u00f3\u017c\u201d (w wersji przerobionej przez m\u0142odzie\u017c okolicznych miejscowo\u015bci w latach 40.), dwie pie\u015bni ko\u015bcielne \u2014 \u201eRot\u0119\u201d i \u201eBo\u017ce co\u015b Polsk\u0119\u201d.<\/p>\n<p>Na koniec p. Jan S\u0142awi\u0144ski zagra\u0142 \u2013 \u201eCisz\u0119\u201d.<\/p>\n\n\t\t<style type=\"text\/css\">\n\t\t\t#gallery-1 {\n\t\t\t\tmargin: auto;\n\t\t\t}\n\t\t\t#gallery-1 .gallery-item {\n\t\t\t\tfloat: left;\n\t\t\t\tmargin-top: 10px;\n\t\t\t\ttext-align: center;\n\t\t\t\twidth: 33%;\n\t\t\t}\n\t\t\t#gallery-1 img {\n\t\t\t\tborder: 2px solid #cfcfcf;\n\t\t\t}\n\t\t\t#gallery-1 .gallery-caption {\n\t\t\t\tmargin-left: 0;\n\t\t\t}\n\t\t\t\/* see gallery_shortcode() in wp-includes\/media.php *\/\n\t\t<\/style>\n\t\t<div id='gallery-1' class='gallery galleryid-262 gallery-columns-3 gallery-size-thumbnail'><dl class='gallery-item'>\n\t\t\t<dt class='gallery-icon landscape'>\n\t\t\t\t<a href='https:\/\/www.bitwanadbzura.pl\/wp-content\/uploads\/2011\/10\/IMG_3277.jpg'><img loading=\"lazy\" decoding=\"async\" width=\"150\" height=\"150\" src=\"https:\/\/www.bitwanadbzura.pl\/wp-content\/uploads\/2011\/10\/IMG_3277-150x150.jpg\" class=\"attachment-thumbnail size-thumbnail\" alt=\"\" \/><\/a>\n\t\t\t<\/dt><\/dl><dl class='gallery-item'>\n\t\t\t<dt class='gallery-icon landscape'>\n\t\t\t\t<a href='https:\/\/www.bitwanadbzura.pl\/wp-content\/uploads\/2011\/10\/IMG_3282.jpg'><img loading=\"lazy\" decoding=\"async\" width=\"150\" height=\"150\" src=\"https:\/\/www.bitwanadbzura.pl\/wp-content\/uploads\/2011\/10\/IMG_3282-150x150.jpg\" class=\"attachment-thumbnail size-thumbnail\" alt=\"\" \/><\/a>\n\t\t\t<\/dt><\/dl><dl class='gallery-item'>\n\t\t\t<dt class='gallery-icon landscape'>\n\t\t\t\t<a href='https:\/\/www.bitwanadbzura.pl\/wp-content\/uploads\/2011\/10\/IMG_3285.jpg'><img loading=\"lazy\" decoding=\"async\" width=\"150\" height=\"150\" src=\"https:\/\/www.bitwanadbzura.pl\/wp-content\/uploads\/2011\/10\/IMG_3285-150x150.jpg\" class=\"attachment-thumbnail size-thumbnail\" alt=\"\" \/><\/a>\n\t\t\t<\/dt><\/dl><br style=\"clear: both\" \/><dl class='gallery-item'>\n\t\t\t<dt class='gallery-icon landscape'>\n\t\t\t\t<a href='https:\/\/www.bitwanadbzura.pl\/wp-content\/uploads\/2011\/10\/IMG_3287.jpg'><img loading=\"lazy\" decoding=\"async\" width=\"150\" height=\"150\" src=\"https:\/\/www.bitwanadbzura.pl\/wp-content\/uploads\/2011\/10\/IMG_3287-150x150.jpg\" class=\"attachment-thumbnail size-thumbnail\" alt=\"\" \/><\/a>\n\t\t\t<\/dt><\/dl><dl class='gallery-item'>\n\t\t\t<dt class='gallery-icon landscape'>\n\t\t\t\t<a href='https:\/\/www.bitwanadbzura.pl\/wp-content\/uploads\/2011\/10\/IMG_3288.jpg'><img loading=\"lazy\" decoding=\"async\" width=\"150\" height=\"150\" src=\"https:\/\/www.bitwanadbzura.pl\/wp-content\/uploads\/2011\/10\/IMG_3288-150x150.jpg\" class=\"attachment-thumbnail size-thumbnail\" alt=\"\" \/><\/a>\n\t\t\t<\/dt><\/dl><dl class='gallery-item'>\n\t\t\t<dt class='gallery-icon landscape'>\n\t\t\t\t<a href='https:\/\/www.bitwanadbzura.pl\/wp-content\/uploads\/2011\/10\/IMG_3292-Kopia.jpg'><img loading=\"lazy\" decoding=\"async\" width=\"150\" height=\"150\" src=\"https:\/\/www.bitwanadbzura.pl\/wp-content\/uploads\/2011\/10\/IMG_3292-Kopia-150x150.jpg\" class=\"attachment-thumbnail size-thumbnail\" alt=\"\" \/><\/a>\n\t\t\t<\/dt><\/dl><br style=\"clear: both\" \/><dl class='gallery-item'>\n\t\t\t<dt class='gallery-icon landscape'>\n\t\t\t\t<a href='https:\/\/www.bitwanadbzura.pl\/wp-content\/uploads\/2011\/10\/IMG_3300.jpg'><img loading=\"lazy\" decoding=\"async\" width=\"150\" height=\"150\" src=\"https:\/\/www.bitwanadbzura.pl\/wp-content\/uploads\/2011\/10\/IMG_3300-150x150.jpg\" class=\"attachment-thumbnail size-thumbnail\" alt=\"\" \/><\/a>\n\t\t\t<\/dt><\/dl><dl class='gallery-item'>\n\t\t\t<dt class='gallery-icon landscape'>\n\t\t\t\t<a href='https:\/\/www.bitwanadbzura.pl\/wp-content\/uploads\/2011\/10\/IMG_3304.jpg'><img loading=\"lazy\" decoding=\"async\" width=\"150\" height=\"150\" src=\"https:\/\/www.bitwanadbzura.pl\/wp-content\/uploads\/2011\/10\/IMG_3304-150x150.jpg\" class=\"attachment-thumbnail size-thumbnail\" alt=\"\" \/><\/a>\n\t\t\t<\/dt><\/dl><dl class='gallery-item'>\n\t\t\t<dt class='gallery-icon landscape'>\n\t\t\t\t<a href='https:\/\/www.bitwanadbzura.pl\/wp-content\/uploads\/2011\/10\/IMG_3305-Kopia.jpg'><img loading=\"lazy\" decoding=\"async\" width=\"150\" height=\"150\" src=\"https:\/\/www.bitwanadbzura.pl\/wp-content\/uploads\/2011\/10\/IMG_3305-Kopia-150x150.jpg\" class=\"attachment-thumbnail size-thumbnail\" alt=\"\" \/><\/a>\n\t\t\t<\/dt><\/dl><br style=\"clear: both\" \/><dl class='gallery-item'>\n\t\t\t<dt class='gallery-icon landscape'>\n\t\t\t\t<a href='https:\/\/www.bitwanadbzura.pl\/wp-content\/uploads\/2011\/10\/IMG_3275.jpg'><img loading=\"lazy\" decoding=\"async\" width=\"150\" height=\"150\" src=\"https:\/\/www.bitwanadbzura.pl\/wp-content\/uploads\/2011\/10\/IMG_3275-150x150.jpg\" class=\"attachment-thumbnail size-thumbnail\" alt=\"\" \/><\/a>\n\t\t\t<\/dt><\/dl><dl class='gallery-item'>\n\t\t\t<dt class='gallery-icon landscape'>\n\t\t\t\t<a href='https:\/\/www.bitwanadbzura.pl\/wp-content\/uploads\/2011\/10\/IMG_3314.jpg'><img loading=\"lazy\" decoding=\"async\" width=\"150\" height=\"150\" src=\"https:\/\/www.bitwanadbzura.pl\/wp-content\/uploads\/2011\/10\/IMG_3314-150x150.jpg\" class=\"attachment-thumbnail size-thumbnail\" alt=\"\" \/><\/a>\n\t\t\t<\/dt><\/dl><dl class='gallery-item'>\n\t\t\t<dt class='gallery-icon landscape'>\n\t\t\t\t<a href='https:\/\/www.bitwanadbzura.pl\/wp-content\/uploads\/2011\/10\/IMG_3317.jpg'><img loading=\"lazy\" decoding=\"async\" width=\"150\" height=\"150\" src=\"https:\/\/www.bitwanadbzura.pl\/wp-content\/uploads\/2011\/10\/IMG_3317-150x150.jpg\" class=\"attachment-thumbnail size-thumbnail\" alt=\"\" \/><\/a>\n\t\t\t<\/dt><\/dl><br style=\"clear: both\" \/><dl class='gallery-item'>\n\t\t\t<dt class='gallery-icon landscape'>\n\t\t\t\t<a href='https:\/\/www.bitwanadbzura.pl\/wp-content\/uploads\/2011\/10\/IMG_3326.jpg'><img loading=\"lazy\" decoding=\"async\" width=\"150\" height=\"150\" src=\"https:\/\/www.bitwanadbzura.pl\/wp-content\/uploads\/2011\/10\/IMG_3326-150x150.jpg\" class=\"attachment-thumbnail size-thumbnail\" alt=\"\" \/><\/a>\n\t\t\t<\/dt><\/dl><dl class='gallery-item'>\n\t\t\t<dt class='gallery-icon landscape'>\n\t\t\t\t<a href='https:\/\/www.bitwanadbzura.pl\/wp-content\/uploads\/2011\/10\/IMG_3327.jpg'><img loading=\"lazy\" decoding=\"async\" width=\"150\" height=\"150\" src=\"https:\/\/www.bitwanadbzura.pl\/wp-content\/uploads\/2011\/10\/IMG_3327-150x150.jpg\" class=\"attachment-thumbnail size-thumbnail\" alt=\"\" \/><\/a>\n\t\t\t<\/dt><\/dl><dl class='gallery-item'>\n\t\t\t<dt class='gallery-icon landscape'>\n\t\t\t\t<a href='https:\/\/www.bitwanadbzura.pl\/wp-content\/uploads\/2011\/10\/IMG_3392.jpg'><img loading=\"lazy\" decoding=\"async\" width=\"150\" height=\"150\" src=\"https:\/\/www.bitwanadbzura.pl\/wp-content\/uploads\/2011\/10\/IMG_3392-150x150.jpg\" class=\"attachment-thumbnail size-thumbnail\" alt=\"\" \/><\/a>\n\t\t\t<\/dt><\/dl><br style=\"clear: both\" \/>\n\t\t<\/div>\n\n","protected":false},"excerpt":{"rendered":"<p>NOWY D\u0118BSK W dniu 16 wrze\u015bnia 2011 roku w Nowym D\u0119bsku przy Pomniku Pami\u0119ci odby\u0142o si\u0119 uroczyste oddanie ho\u0142du poleg\u0142ym \u017co\u0142nierzom 26 Dywizji Piechoty na terenie gminy Nowa Sucha w 72. Rocznic\u0119 Bitwy nad Bzur\u0105. Na wy\u017cej wspomnian\u0105 uroczysto\u015b\u0107 przyby\u0142a liczna grupa cz\u0142onk\u00f3w ze Stowarzyszenia Senior\u00f3w Gminy Nowa Sucha, Spo\u0142eczny Komitet dla Upami\u0119tnienia Bitwy 26 [&hellip;]<\/p>\n","protected":false},"author":1,"featured_media":0,"parent":4,"menu_order":0,"comment_status":"closed","ping_status":"open","template":"","meta":{"footnotes":""},"class_list":["post-262","page","type-page","status-publish","hentry"],"_links":{"self":[{"href":"https:\/\/www.bitwanadbzura.pl\/index.php?rest_route=\/wp\/v2\/pages\/262","targetHints":{"allow":["GET"]}}],"collection":[{"href":"https:\/\/www.bitwanadbzura.pl\/index.php?rest_route=\/wp\/v2\/pages"}],"about":[{"href":"https:\/\/www.bitwanadbzura.pl\/index.php?rest_route=\/wp\/v2\/types\/page"}],"author":[{"embeddable":true,"href":"https:\/\/www.bitwanadbzura.pl\/index.php?rest_route=\/wp\/v2\/users\/1"}],"replies":[{"embeddable":true,"href":"https:\/\/www.bitwanadbzura.pl\/index.php?rest_route=%2Fwp%2Fv2%2Fcomments&post=262"}],"version-history":[{"count":10,"href":"https:\/\/www.bitwanadbzura.pl\/index.php?rest_route=\/wp\/v2\/pages\/262\/revisions"}],"predecessor-version":[{"id":265,"href":"https:\/\/www.bitwanadbzura.pl\/index.php?rest_route=\/wp\/v2\/pages\/262\/revisions\/265"}],"up":[{"embeddable":true,"href":"https:\/\/www.bitwanadbzura.pl\/index.php?rest_route=\/wp\/v2\/pages\/4"}],"wp:attachment":[{"href":"https:\/\/www.bitwanadbzura.pl\/index.php?rest_route=%2Fwp%2Fv2%2Fmedia&parent=262"}],"curies":[{"name":"wp","href":"https:\/\/api.w.org\/{rel}","templated":true}]}}