{"id":27,"date":"2011-09-30T13:59:25","date_gmt":"2011-09-30T11:59:25","guid":{"rendered":"http:\/\/paciorek.org\/bitwa\/?page_id=27"},"modified":"2012-03-23T07:20:03","modified_gmt":"2012-03-23T06:20:03","slug":"spoleczny-komitet-dla-upamietnienia-bitwy-26-dp","status":"publish","type":"page","link":"https:\/\/www.bitwanadbzura.pl\/?page_id=27","title":{"rendered":"Spo\u0142eczny komitet dla upami\u0119tnienia bitwy 26 DP"},"content":{"rendered":"<p style=\"text-align: center;\"><strong>SPO\u0141ECZNY KOMITET DLA UPAMI\u0118TNIENIA BITWY 26 DYWIZJI PIECHOTY W 1939 ROKU.<\/strong><\/p>\n<p>W dniu 16 wrze\u015bnia 1939 roku w Nowym D\u0119bsku i Nowym Koz\u0142owie Pierwszym<br \/>\n10 i 37 pu\u0142k piechoty 26 Dywizji Piechoty Armii POMORZE stoczy\u0142y krwaw\u0105 bitw\u0119<br \/>\nz niemieckim naje\u017ad\u017ac\u0105. By ocali\u0107 od zapomnienia bohaterstwo uczestnik\u00f3w (walk) tamtych dni, zawi\u0105za\u0142 si\u0119 Spo\u0142eczny Komitet dla upami\u0119tnienia bitwy 26 DP., w sk\u0142ad kt\u00f3rego wchodz\u0105 mieszka\u0144cy okolicznych miejscowo\u015bci: Henryk Bolimowski<br \/>\ni Kazimierz Kosmala z Nowego Koz\u0142owa Pierwszego, Stanis\u0142aw Skomia\u0142 z Zakrzewa, Lucjan Wojda z Nowego D\u0119bska, Stanis\u0142aw Tuszy\u0144ski i Alfred Nowi\u0144ski z Koz\u0142owa Szlacheckiego. Honorowym cz\u0142onkiem Spo\u0142ecznego Komitetu jest proboszcz parafii pod wezwaniem \u015awi\u0119tego Miko\u0142aja w Koz\u0142owie Szlacheckim ksi\u0105dz W\u0142adys\u0142aw Czaplicki \u2013 inicjator odprawienia Mszy \u015awi\u0119tej polowej w Nowym D\u0119bsku.<\/p>\n<p>Spo\u0142eczny Komitet dla upami\u0119tnienia bitwy 26 DP wsp\u00f3\u0142pracuje:<\/p>\n<p>&#8211; z W\u00f3jtem Gminy Nowa Sucha .<\/p>\n<p>&#8211; z Dyrektorem Mari\u0105 Modzelewsk\u0105 \u2013 Papiernik i Rad\u0105 Pedagogiczn\u0105 Szko\u0142y Podstawowej im. Bohater\u00f3w Bitwy nad Bzur\u0105 w Koz\u0142owie Szlacheckim.<\/p>\n<p>&#8211; mieszka\u0144cami Nowego D\u0119bska, Nowego Koz\u0142owa Pierwszego i Koz\u0142owa Szlacheckiego.<\/p>\n<p>Najwa\u017cniejszym wydarzeniem obchod\u00f3w 70-tej rocznicy bitwy nad Bzur\u0105 b\u0119dzie uroczysta polowa Msza \u015awi\u0119ta odprawiona za dusze poleg\u0142ych \u017co\u0142nierzy 26 Dywizji Piechoty Armii POZNA\u0143. Nabo\u017ce\u0144stwo b\u0119dzie mia\u0142o miejsce w Nowym D\u0119bsku,<br \/>\nna terenie pola bitwy dywizji. Tu walczyli i gin\u0119li polscy \u017co\u0142nierze, obficie zraszaj\u0105c<br \/>\nt\u0119 ziemi\u0119 swoj\u0105 krwi\u0105. Msza \u015bwi\u0119ta odprawiona przez Jego Ekscelencj\u0119 Ksi\u0119dza Biskupa J\u00f3zefa Zawitkowskiego b\u0119dzie ho\u0142dem dla poleg\u0142ych tu \u017co\u0142nierzy, kt\u00f3rzy nie zawahali odda\u0107 swego \u017cycia w obronie umi\u0142owanej Ojczyzny. W dobie kultu pieni\u0105dza, pogoni<br \/>\nza karier\u0105, zaniku warto\u015bci sta\u0107 si\u0119 mo\u017ce swoist\u0105 lekcj\u0105 historii i patriotyzmu. Uczestnicy walk nad Bzur\u0105 bez rozg\u0142osu wcielali w czyn s\u0142owa wielkiego moralisty literatury \u015bwiatowej Josepha Conrada Korzeniowskiego \u201e<em><strong>Tak trzeba dzi\u015b.<\/strong><\/em>\u201d<br \/>\nWtedy przed 70 laty nie liczyli na chwa\u0142\u0119 i ho\u0142dy.<\/p>\n<p>Poeta-Kolumb Tadeusz Borowski w jednym ze swych wierszy fatalizowa\u0142:<\/p>\n<p>\u201e<strong><em>Zostanie po nas z\u0142om \u017celazny i g\u0142uchy drwi\u0105cy \u015bmiech pokole\u0144.\u201d<\/em><\/strong><\/p>\n<p>Na szcz\u0119\u015bcie okaza\u0142 si\u0119 by\u0107 fa\u0142szywym prorokiem, nie spe\u0142ni\u0142y si\u0119 jego ponure wizje<\/p>\n<p>Na wniosek Spo\u0142ecznego Komitetu dla upami\u0119tnienia bitwy 26 DP wykonane s\u0105:<\/p>\n<p>&#8211; tablica informacyjna( drogowskaz) przy skrzy\u017cowaniu drogi nr 2 z drog\u0105 lokaln\u0105<br \/>\ndo G\u0105golina P\u0142d. informuj\u0105cej o miejscu pami\u0119ci w Nowym D\u0119bsku.<\/p>\n<p>&#8211; orze\u0142ek wojskowy z 1939 roku na p\u0142ycie granitowej, kt\u00f3ra b\u0119dzie umocowana<br \/>\nna pomniku w Nowym D\u0119bsku.<\/p>\n<p>Komitet Spo\u0142eczny: uporz\u0105dkuje teren wok\u00f3\u0142 pomnika, umie\u015bci tablice informacyjn\u0105 sta\u0142\u0105 o stoczonej tu bitwie i zbiorowej mogile, w czasie Mszy \u015bwi\u0119tej umie\u015bci dodatkowe tablice informacyjne, wzbogacone o rekwizyty patriotyczne.<\/p>\n<p>Komitet Spo\u0142eczny zaprosi: cz\u0142onk\u00f3w Stowarzyszenia Tradycji 37 pp. z Kutna, cz\u0142onk\u00f3w Stowarzyszenia Historycznego im. 10 pp. z \u0141owicza oraz sekstet instrument\u00f3w d\u0119tych \u201eKlonovia\u201d z Klonownicy. Cz\u0142onkowie Stowarzysze\u0144 zaci\u0105gn\u0105 honorow\u0105 wart\u0119 przy pomniku oraz przeprowadz\u0105 Apel Poleg\u0142ych. Muzycy b\u0119d\u0105 gra\u0107 utwory religijne i patriotyczne.<\/p>\n<p style=\"text-align: center;\">\u00a0<a href=\"http:\/\/paciorek.org\/bitwa\/wp-content\/uploads\/2011\/09\/70-rocznica-bitwy-nad-Bzur\u0105-755.jpg\"><img loading=\"lazy\" decoding=\"async\" class=\"aligncenter size-medium wp-image-392\" title=\"70 rocznica bitwy nad Bzur\u0105 755\" src=\"http:\/\/paciorek.org\/bitwa\/wp-content\/uploads\/2011\/09\/70-rocznica-bitwy-nad-Bzur\u0105-755-300x225.jpg\" alt=\"\" width=\"300\" height=\"225\" srcset=\"https:\/\/www.bitwanadbzura.pl\/wp-content\/uploads\/2011\/09\/70-rocznica-bitwy-nad-Bzur\u0105-755-300x225.jpg 300w, https:\/\/www.bitwanadbzura.pl\/wp-content\/uploads\/2011\/09\/70-rocznica-bitwy-nad-Bzur\u0105-755-1024x768.jpg 1024w\" sizes=\"auto, (max-width: 300px) 100vw, 300px\" \/><\/a>SPO\u0141ECZNY KOMITET DLA UPAMI\u0118TNIENIA BITWY 26 DYWIZJI PIECHOTY W 1939ROKU.<\/p>\n<p style=\"text-align: left;\">Od lewej:Kazimierz Kosmala, Stanis\u0142aw Tuszy\u0144ski, ks. W\u0142adys\u0142aw Czaplicki, Stanis\u0142aw Skomia\u0142, Henryk Bolimowski.<\/p>\n<p style=\"text-align: left;\">Kl\u0119cz\u0105 od lewej: Alfred Nowi\u0144ski,Lucjan Wojdw.<\/p>\n<p style=\"text-align: center;\">\n<p>&nbsp;<\/p>\n<p>&nbsp;<\/p>\n<p>&nbsp;<\/p>\n","protected":false},"excerpt":{"rendered":"<p>SPO\u0141ECZNY KOMITET DLA UPAMI\u0118TNIENIA BITWY 26 DYWIZJI PIECHOTY W 1939 ROKU. W dniu 16 wrze\u015bnia 1939 roku w Nowym D\u0119bsku i Nowym Koz\u0142owie Pierwszym 10 i 37 pu\u0142k piechoty 26 Dywizji Piechoty Armii POMORZE stoczy\u0142y krwaw\u0105 bitw\u0119 z niemieckim naje\u017ad\u017ac\u0105. By ocali\u0107 od zapomnienia bohaterstwo uczestnik\u00f3w (walk) tamtych dni, zawi\u0105za\u0142 si\u0119 Spo\u0142eczny Komitet dla upami\u0119tnienia [&hellip;]<\/p>\n","protected":false},"author":1,"featured_media":0,"parent":4,"menu_order":0,"comment_status":"open","ping_status":"open","template":"","meta":{"footnotes":""},"class_list":["post-27","page","type-page","status-publish","hentry"],"_links":{"self":[{"href":"https:\/\/www.bitwanadbzura.pl\/index.php?rest_route=\/wp\/v2\/pages\/27","targetHints":{"allow":["GET"]}}],"collection":[{"href":"https:\/\/www.bitwanadbzura.pl\/index.php?rest_route=\/wp\/v2\/pages"}],"about":[{"href":"https:\/\/www.bitwanadbzura.pl\/index.php?rest_route=\/wp\/v2\/types\/page"}],"author":[{"embeddable":true,"href":"https:\/\/www.bitwanadbzura.pl\/index.php?rest_route=\/wp\/v2\/users\/1"}],"replies":[{"embeddable":true,"href":"https:\/\/www.bitwanadbzura.pl\/index.php?rest_route=%2Fwp%2Fv2%2Fcomments&post=27"}],"version-history":[{"count":5,"href":"https:\/\/www.bitwanadbzura.pl\/index.php?rest_route=\/wp\/v2\/pages\/27\/revisions"}],"predecessor-version":[{"id":351,"href":"https:\/\/www.bitwanadbzura.pl\/index.php?rest_route=\/wp\/v2\/pages\/27\/revisions\/351"}],"up":[{"embeddable":true,"href":"https:\/\/www.bitwanadbzura.pl\/index.php?rest_route=\/wp\/v2\/pages\/4"}],"wp:attachment":[{"href":"https:\/\/www.bitwanadbzura.pl\/index.php?rest_route=%2Fwp%2Fv2%2Fmedia&parent=27"}],"curies":[{"name":"wp","href":"https:\/\/api.w.org\/{rel}","templated":true}]}}