{"id":38,"date":"2011-09-30T14:01:25","date_gmt":"2011-09-30T12:01:25","guid":{"rendered":"http:\/\/paciorek.org\/bitwa\/?page_id=38"},"modified":"2011-10-03T14:19:42","modified_gmt":"2011-10-03T12:19:42","slug":"armie-poznan-i-pomorze","status":"publish","type":"page","link":"https:\/\/www.bitwanadbzura.pl\/?page_id=38","title":{"rendered":"Armie POZNA\u0143 i POMORZE"},"content":{"rendered":"<p><strong>ARMIA \u201ePOMORZE\u201d\u00a0<\/strong><\/p>\n<p><a href=\"http:\/\/paciorek.org\/bitwa\/wp-content\/uploads\/2011\/09\/ArmiePoznan_clip_image002_00001.jpg\"><img loading=\"lazy\" decoding=\"async\" class=\"alignleft size-full wp-image-195\" style=\"border-width: 1px; border-color: black; border-style: solid; margin: 20px;\" title=\"ArmiePoznan_clip_image002_0000\" src=\"http:\/\/paciorek.org\/bitwa\/wp-content\/uploads\/2011\/09\/ArmiePoznan_clip_image002_00001.jpg\" alt=\"\" width=\"146\" height=\"224\" \/><\/a>Armia \u201ePomorze\u201d utworzona 23 marca 1939r.,dow\u00f3dca gen. dyw. W\u0142adys\u0142aw Bortnowski. Jej zadaniem by\u0142o broni\u0107 Polski przed atakiem Niemc\u00f3w z Pomorza Zachodniego i Prus Wschodnich. Armia Pomorze w walkach od 1 do 3 wrze\u015bnia w Borach Tucholskich ponios\u0142a ci\u0119\u017ckie straty, straci\u0142a 1\/3 si\u0142. Od 6 wrze\u015bnia trwa\u0142 odwr\u00f3t w kierunku Warszawy. Po spotkaniu genera\u0142\u00f3w T. Kutrzeby i W. Bortnowskiego w okolicach Kutna w dniach7 i 8 wrze\u015bnia, zapad\u0142a decyzja o podporz\u0105dkowaniu armii \u201ePomorze\u201d armii \u201ePozna\u0144\u201d. W celu wzmocnienia armii \u201ePomorze\u201d, w dniu 13 wrze\u015bnia gen. Kutrzeba przesun\u0105\u0142 26 Dywizj\u0119 Piechoty z armii \u201ePozna\u0144\u201d pod rozkazy gen. W. Bortnowskiego z armii \u201ePomorze\u201d. Dzieje 26 Dywizji Piechoty w dniach od 12 do16 wrze\u015bnia b\u0119d\u0105 przedmiotem szczeg\u00f3\u0142owego opisu na dalszych stronach.<\/p>\n<p>&nbsp;<\/p>\n<p><strong>ARMIA \u201ePOZNA\u0143\u201d<\/strong><\/p>\n<p><a href=\"http:\/\/paciorek.org\/bitwa\/wp-content\/uploads\/2011\/09\/ArmiePoznan_clip_image002.jpg\"><img loading=\"lazy\" decoding=\"async\" class=\"alignleft size-full wp-image-196\" style=\"border-width: 1px; border-color: black; border-style: solid; margin: 20px;\" title=\"ArmiePoznan_clip_image002\" src=\"http:\/\/paciorek.org\/bitwa\/wp-content\/uploads\/2011\/09\/ArmiePoznan_clip_image002.jpg\" alt=\"\" width=\"148\" height=\"183\" \/><\/a>Armia \u201ePozna\u0144\u201d utworzona 23 marca 1939r.-dow\u00f3dca gen. dyw. T. Kutrzeba. Jej zadaniem by\u0142o obrona Wielkopolski przed atakiem Niemc\u00f3w z zachodu. Zabezpieczenie skrzyde\u0142 armii \u201e\u0141\u00f3d\u017a i armii \u201ePomorze\u201d. W pierwszych dniach wojny, nie bra\u0142a udzia\u0142u w walkach. By\u0142a nawet zagro\u017cona okr\u0105\u017ceniem, poniewa\u017c 8 i 10 armie niemieckie maszerowa\u0142y na Warszaw\u0119 bardziej na po\u0142udnie od pozycji obronnych armii \u201ePozna\u0144\u201d. Armia \u201ePozna\u0144\u201d, opu\u015bci\u0142a pozycje obronne na zachodzie Polski i rozpocz\u0119\u0142a marsz na wsch\u00f3d w kierunku Warszawy. Gen. T. Kutrzeba zwr\u00f3ci\u0142 si\u0119 do Naczelnego Wodza E. Rydza-\u015amig\u0142ego z propozycj\u0105 o przeprowadzenie dzia\u0142a\u0144 zaczepnych. W nocy z 8\/9 wrze\u015bnia gen. T. Kutrzeba otrzyma\u0142 radiogram od marsza\u0142ka Rydza-\u015amig\u0142ego zawieraj\u0105cy has\u0142o \u201eS\u0142o\u0144ce wschodzi\u201d a wi\u0119c zgoda na propozycj\u0119 gen. Kutrzeby. By\u0142 to ostatni kontakt z Naczelnym Wodzem. Na spotkaniu dow\u00f3dc\u00f3w armii \u201ePozna\u0144\u201d i \u201ePomorze\u201d, ko\u0142o Kutna podj\u0119to decyzj\u0119 o prowadzeniu dzia\u0142a\u0144 zaczepnych w stosunku do 8 i 10 armii niemieckiej. Tak dosz\u0142o do najwi\u0119kszej bitwy w II wojnie \u015bwiatowej do czasu bitwy pod Stalingradem(2 luty 1943r.), pod wzgl\u0119dem zaanga\u017cowania liczby \u017co\u0142nierzy, artylerii, czo\u0142g\u00f3w i samolot\u00f3w.<\/p>\n","protected":false},"excerpt":{"rendered":"<p>ARMIA \u201ePOMORZE\u201d\u00a0 Armia \u201ePomorze\u201d utworzona 23 marca 1939r.,dow\u00f3dca gen. dyw. W\u0142adys\u0142aw Bortnowski. Jej zadaniem by\u0142o broni\u0107 Polski przed atakiem Niemc\u00f3w z Pomorza Zachodniego i Prus Wschodnich. Armia Pomorze w walkach od 1 do 3 wrze\u015bnia w Borach Tucholskich ponios\u0142a ci\u0119\u017ckie straty, straci\u0142a 1\/3 si\u0142. Od 6 wrze\u015bnia trwa\u0142 odwr\u00f3t w kierunku Warszawy. Po spotkaniu genera\u0142\u00f3w [&hellip;]<\/p>\n","protected":false},"author":1,"featured_media":0,"parent":9,"menu_order":0,"comment_status":"open","ping_status":"open","template":"","meta":{"footnotes":""},"class_list":["post-38","page","type-page","status-publish","hentry"],"_links":{"self":[{"href":"https:\/\/www.bitwanadbzura.pl\/index.php?rest_route=\/wp\/v2\/pages\/38","targetHints":{"allow":["GET"]}}],"collection":[{"href":"https:\/\/www.bitwanadbzura.pl\/index.php?rest_route=\/wp\/v2\/pages"}],"about":[{"href":"https:\/\/www.bitwanadbzura.pl\/index.php?rest_route=\/wp\/v2\/types\/page"}],"author":[{"embeddable":true,"href":"https:\/\/www.bitwanadbzura.pl\/index.php?rest_route=\/wp\/v2\/users\/1"}],"replies":[{"embeddable":true,"href":"https:\/\/www.bitwanadbzura.pl\/index.php?rest_route=%2Fwp%2Fv2%2Fcomments&post=38"}],"version-history":[{"count":7,"href":"https:\/\/www.bitwanadbzura.pl\/index.php?rest_route=\/wp\/v2\/pages\/38\/revisions"}],"predecessor-version":[{"id":193,"href":"https:\/\/www.bitwanadbzura.pl\/index.php?rest_route=\/wp\/v2\/pages\/38\/revisions\/193"}],"up":[{"embeddable":true,"href":"https:\/\/www.bitwanadbzura.pl\/index.php?rest_route=\/wp\/v2\/pages\/9"}],"wp:attachment":[{"href":"https:\/\/www.bitwanadbzura.pl\/index.php?rest_route=%2Fwp%2Fv2%2Fmedia&parent=38"}],"curies":[{"name":"wp","href":"https:\/\/api.w.org\/{rel}","templated":true}]}}