{"id":41,"date":"2011-09-30T14:01:54","date_gmt":"2011-09-30T12:01:54","guid":{"rendered":"http:\/\/paciorek.org\/bitwa\/?page_id=41"},"modified":"2011-10-03T14:26:13","modified_gmt":"2011-10-03T12:26:13","slug":"bitwa-nad-bzura","status":"publish","type":"page","link":"https:\/\/www.bitwanadbzura.pl\/?page_id=41","title":{"rendered":"Bitwa nad Bzur\u0105"},"content":{"rendered":"<p><strong>BITWA NAD BZUR\u0104<\/strong><\/p>\n<p>Bitwa nad Bzur\u0105 w nomenklaturze niemieckiej by\u0142a nazywana Bitw\u0105 pod Kutnem. Bitwa nad Bzur\u0105 trwa\u0142a od 9 wrze\u015bnia do 20 wrze\u015bnia 1939r, by\u0142a najwi\u0119ksz\u0105 bitw\u0105 stoczon\u0105 przez armie polskie w wojnie obronnej w 1939r. By\u0142a r\u00f3wnie\u017c jedyn\u0105 bitw\u0105 w kt\u00f3rej armie polskie odnios\u0142y pewne sukcesy. Wojska niemieckie pod dow\u00f3dztwem gen.p\u0142k. von Rundstedt`a z Grupy Po\u0142udniowej (Sud) w sk\u0142adzie: 8 Armia pod dow\u00f3dztwem gen. Johannesa Blaskowitz`a i 10 Armia pod dow\u00f3dztwem gen. Waltera von Richenau`a, rozci\u0105gn\u0119\u0142y si\u0119 na du\u017cym obszarze w pogoni za armi\u0105 \u201e\u0141\u00f3d\u017a\u201d. Przegrupowania wojsk armii POMORZE I POZNA\u0143 odbywa\u0142y si\u0119 nocami i przy zachowaniu wszystkich \u015brodk\u00f3w maskowania i ostro\u017cno\u015bci. Niemcy nie spodziewali si\u0119 w tym rejonie tak du\u017cego zgrupowania wojsk polskich. Wykorzysta\u0142 to gen. Kutrzeba uderzaj\u0105c na \u0141\u0119czyc\u0119 , Stryk\u00f3w, Uniej\u00f3w i Pi\u0105tek. Zaskoczenie by\u0142o olbrzymie, wzi\u0119to do niewoli kilkadziesi\u0105t tysi\u0119cy niemieckich \u017co\u0142nierzy, zdobyto tabory z \u017cywno\u015bci\u0105 i broni\u0105. Niemcy z przera\u017ceniem wycofywali si\u0119 z oznakami paniki, wycofali si\u0119 na kilkadziesi\u0105t kilometr\u00f3w z zaj\u0119tych pozycji. Gen.p\u0142k. von Runstedt pilnie prosi\u0142 o wsparcie pancerne i lotnicze. Historycy bitw\u0119 nad Bzur\u0105 dziel\u0105 na trzy fazy:<\/p>\n<p>&#8211; I faza od 9 do 12 wrze\u015bnia uderzenie na Stryk\u00f3w, Ozork\u00f3w i \u0141owicz \u2013 zako\u0144czona sukcesem<\/p>\n<p>&#8211; II faza od 14 do 15 wrze\u015bnia natarcie na \u0141owicz i Skierniewice(pocz\u0105tkowo z sukcesem odrzucenie Niemc\u00f3w z \u0141owicza i odepchni\u0119cie od Bzury za tory kolejowe \u0141owicz-Sochaczew a nast\u0119pnie wycofanie si\u0119 za Bzur\u0119 przy b. du\u017cych stratach &#8211; ostatecznie zako\u0144czy\u0142a si\u0119 pora\u017ck\u0105.<\/p>\n<p>&#8211; III faza od16 do 20 wrze\u015bnia armie POZNA\u0143 i POMORZE znalaz\u0142y si\u0119 w okr\u0105\u017ceniu natarcie przez 26DP w kierunku Skierniewic a nast\u0119pnego dnia na Nowy Koz\u0142\u00f3w Pierwszy, Nowy D\u0119bsk i na las brakoski (las pomi\u0119dzy Z\u0142ot\u0105 a Brakami) przy b. du\u017cych stratach zako\u0144czy\u0142o si\u0119 niepowodzeniem. 14Dyw. Piechoty z G.O. gen. Knolla jako p\u00f3\u0142nocny s\u0105siad 26DP wsp\u00f3lnie naciera\u0142a na las brakoski od zachodu oraz na Z\u0142ot\u0105, Ermin\u00f3w i Szwarocin przy bardzo du\u017cych stratach zako\u0144czy\u0142o si\u0119 pora\u017ck\u0105. Nast\u0105pi\u0142 teraz odwr\u00f3t za Bzur\u0119 resztek armii POZNA\u0143. Armia POMORZE zosta\u0142a ca\u0142kowicie rozbita, nieliczni \u017co\u0142nierze przebili si\u0119 do Puszczy Kampinoskiej &#8211; zako\u0144czy\u0142a si\u0119 kl\u0119sk\u0105.<\/p>\n<p>&nbsp;<\/p>\n<div id=\"attachment_202\" style=\"width: 528px\" class=\"wp-caption aligncenter\"><a href=\"http:\/\/paciorek.org\/bitwa\/wp-content\/uploads\/2011\/09\/Bitwa_clip_image002.jpg\"><img loading=\"lazy\" decoding=\"async\" aria-describedby=\"caption-attachment-202\" class=\"size-full wp-image-202  \" style=\"margin: 10px;\" title=\"Bitwa_clip_image002\" src=\"http:\/\/paciorek.org\/bitwa\/wp-content\/uploads\/2011\/09\/Bitwa_clip_image002.jpg\" alt=\"\" width=\"518\" height=\"342\" srcset=\"https:\/\/www.bitwanadbzura.pl\/wp-content\/uploads\/2011\/09\/Bitwa_clip_image002.jpg 518w, https:\/\/www.bitwanadbzura.pl\/wp-content\/uploads\/2011\/09\/Bitwa_clip_image002-300x198.jpg 300w\" sizes=\"auto, (max-width: 518px) 100vw, 518px\" \/><\/a><p id=\"caption-attachment-202\" class=\"wp-caption-text\">Bitwa nad Bzur\u0105 armii POZNA\u0143 I POMORZE od 9 do 20 wrze\u015bnia 1939 roku.<\/p><\/div>\n<p style=\"text-align: center;\">\n","protected":false},"excerpt":{"rendered":"<p>BITWA NAD BZUR\u0104 Bitwa nad Bzur\u0105 w nomenklaturze niemieckiej by\u0142a nazywana Bitw\u0105 pod Kutnem. Bitwa nad Bzur\u0105 trwa\u0142a od 9 wrze\u015bnia do 20 wrze\u015bnia 1939r, by\u0142a najwi\u0119ksz\u0105 bitw\u0105 stoczon\u0105 przez armie polskie w wojnie obronnej w 1939r. By\u0142a r\u00f3wnie\u017c jedyn\u0105 bitw\u0105 w kt\u00f3rej armie polskie odnios\u0142y pewne sukcesy. Wojska niemieckie pod dow\u00f3dztwem gen.p\u0142k. von Rundstedt`a [&hellip;]<\/p>\n","protected":false},"author":1,"featured_media":0,"parent":9,"menu_order":0,"comment_status":"open","ping_status":"open","template":"","meta":{"footnotes":""},"class_list":["post-41","page","type-page","status-publish","hentry"],"_links":{"self":[{"href":"https:\/\/www.bitwanadbzura.pl\/index.php?rest_route=\/wp\/v2\/pages\/41","targetHints":{"allow":["GET"]}}],"collection":[{"href":"https:\/\/www.bitwanadbzura.pl\/index.php?rest_route=\/wp\/v2\/pages"}],"about":[{"href":"https:\/\/www.bitwanadbzura.pl\/index.php?rest_route=\/wp\/v2\/types\/page"}],"author":[{"embeddable":true,"href":"https:\/\/www.bitwanadbzura.pl\/index.php?rest_route=\/wp\/v2\/users\/1"}],"replies":[{"embeddable":true,"href":"https:\/\/www.bitwanadbzura.pl\/index.php?rest_route=%2Fwp%2Fv2%2Fcomments&post=41"}],"version-history":[{"count":3,"href":"https:\/\/www.bitwanadbzura.pl\/index.php?rest_route=\/wp\/v2\/pages\/41\/revisions"}],"predecessor-version":[{"id":201,"href":"https:\/\/www.bitwanadbzura.pl\/index.php?rest_route=\/wp\/v2\/pages\/41\/revisions\/201"}],"up":[{"embeddable":true,"href":"https:\/\/www.bitwanadbzura.pl\/index.php?rest_route=\/wp\/v2\/pages\/9"}],"wp:attachment":[{"href":"https:\/\/www.bitwanadbzura.pl\/index.php?rest_route=%2Fwp%2Fv2%2Fmedia&parent=41"}],"curies":[{"name":"wp","href":"https:\/\/api.w.org\/{rel}","templated":true}]}}