{"id":45,"date":"2011-09-30T14:03:18","date_gmt":"2011-09-30T12:03:18","guid":{"rendered":"http:\/\/paciorek.org\/bitwa\/?page_id=45"},"modified":"2012-03-26T07:55:52","modified_gmt":"2012-03-26T05:55:52","slug":"zakonczenie","status":"publish","type":"page","link":"https:\/\/www.bitwanadbzura.pl\/?page_id=45","title":{"rendered":"Zako\u0144czenie"},"content":{"rendered":"<p><em>By\u0107 zwyci\u0119\u017conym i nie ulec to zwyci\u0119stwo,<\/em><\/p>\n<p><em>zwyci\u0119\u017cy\u0107 i spocz\u0105\u0107 na laurach to kl\u0119ska.<\/em><\/p>\n<p><strong>J\u00f3zef Pi\u0142sudski<\/strong><\/p>\n<p style=\"text-align: center;\"><strong>ZAKO\u0143CZENIE<\/strong><\/p>\n<p>Od 14 wrze\u015bnia kiedy 26 dywizja piechoty rozpocz\u0119\u0142a natarcie pomi\u0119dzy Koz\u0142owem Szlacheckim, a Kompin\u0105 w kierunku na Bolim\u00f3w, a wymarszem do Bud Starych w dn. 18 wrze\u015bnia na przepraw\u0119 do Puszczy Kampinoskiej, min\u0119\u0142o 5 dni. Pi\u0119\u0107 d\u0142ugich tragicznych dni. Bitwa nad Bzur\u0105 zako\u0144czy\u0142a si\u0119 kl\u0119sk\u0105. Przez Puszcz\u0119 Kampinosk\u0105 z pomoc\u0105 walcz\u0105cej Warszawie przedziera\u0142y si\u0119 wi\u0119ksze lub mniejsze grupy \u017co\u0142nierzy, wielu dosta\u0142o si\u0119 do niewoli. W bitwie nad Bzur\u0105 poleg\u0142o ponad 18000 \u017co\u0142nierzy w tym trzech genera\u0142\u00f3w: gen. W\u0142ad poleg\u0142 ko\u0142o Bud Starych, gen. Grzmot-Skotnicki ko\u0142o Tu\u0142owic i gen. Bo\u0142tu\u0107 pod \u0141omiankami. Polegli \u017co\u0142nierze armii POZNA\u0143 i POMORZE s\u0105 pochowani na 72 cmentarzach i w mogi\u0142ach zbiorowych od Ozorkowa a\u017c po \u0141omianki, oko\u0142o 170000 \u017co\u0142nierzy i oficer\u00f3w dosta\u0142o si\u0119 do niewoli. W tym gen. Bortnowski dow\u00f3dca armii \u201ePomorze\u201d, p\u0142k dypl. Ajdukiewicz dow\u00f3dca 26 dywizji piechoty.<\/p>\n<p>Nasta\u0142 czas szukania przyczyn poniesionej kl\u0119ski jak i szukania winnych w\u015br\u00f3d wy\u017cszych oficer\u00f3w. Z perspektywy czasu, \u0142atwo jest o surow\u0105 ocen\u0119. Historycy do dzisiaj nie s\u0105 zgodni w ocenie tamtych pi\u0119ciu tragicznych dniach.<\/p>\n<p>Najwi\u0119kszy wp\u0142yw na tragiczne zako\u0144czenie Bitwy nad Bzur\u0105 mia\u0142a mia\u017cd\u017c\u0105ca przewaga militarna Niemiec. Od oblegania Warszawy odst\u0105pi\u0142 XVI korpus pancerny w sk\u0142adzie(4 i 1 dywizja pancerna, 31 dywizja piechoty, oraz doborowy zmotoryzowany pu\u0142k SS \u201eLeibstandarte Adolf Hitler\u201d).W ostatnich 5-ciu dniach rejon zgrupowania armii POZNA\u0143 I POMORZE, codziennie bombardowa\u0142o ponad 300 samolot\u00f3w, zawieszone zosta\u0142y naloty na Warszaw\u0119, ostrza\u0142 artyleryjski trwa\u0142 dzie\u0144 i noc.<\/p>\n<p>Po latach gen. T. Kutrzeba napisze:\u201d Przechodz\u0105c ko\u0142o grob\u00f3w \u017co\u0142nierskich nad Bzur\u0105 niech przyszli nasi dow\u00f3dcy sprawiedliwie wspomn\u0105, \u017ce tu le\u017c\u0105 jedni z tych, kt\u00f3rzy starali si\u0119 wykona\u0107 niewykonalny w 1939roku obowi\u0105zek \u2013 obroni\u0107 Polsk\u0119\u201d<\/p>\n<p>W bitwie nad Bzur\u0105 by\u0142o zaanga\u017cowane kilkadziesi\u0105t niemieckich dywizji, a wi\u0119c Warszawa mia\u0142a kilka dni spokoju, mog\u0142a lepiej przygotowa\u0107 obron\u0119. W bitwie nad Bzur\u0105 zosta\u0142 wytracony impet Wermachtu, nie uda\u0142 si\u0119 blitzkrieg(wojna b\u0142yskawiczna). Warszawa podpisa\u0142a kapitulacj\u0119 28 wrze\u015bnia, 6 pa\u017adziernika pod Kockiem zosta\u0142a stoczona ostatnia bitwa regularnych oddzia\u0142\u00f3w wojska polskiego. \u017bo\u0142nierz polski wykaza\u0142 wielkie bohaterstwo i umi\u0142owanie wolno\u015bci.<\/p>\n<p>Nar\u00f3d polski nie uleg\u0142, zaraz po przegranej kampanii wrze\u015bniowej zosta\u0142 zawi\u0105zany Zwi\u0105zek Walki Zbrojnej, kt\u00f3ry przekszta\u0142ci\u0142 si\u0119 w Armi\u0119 Krajow\u0105. Polacy walczyli na wszystkich frontach II wojny \u015bwiatowej, brali odwet za zbrodnie niemieckie i poniesion\u0105 kl\u0119sk\u0119 w bitwie nad Bzur\u0105. W roku 1944 w Armii Krajowej zosta\u0142y odtworzone przedwojenne struktury wojskowe. Jak feniks z popio\u0142\u00f3w, tak powsta\u0142a 26 dywizja piechoty A.K.(okr\u0119g \u0142\u00f3dzki).<\/p>\n","protected":false},"excerpt":{"rendered":"<p>By\u0107 zwyci\u0119\u017conym i nie ulec to zwyci\u0119stwo, zwyci\u0119\u017cy\u0107 i spocz\u0105\u0107 na laurach to kl\u0119ska. J\u00f3zef Pi\u0142sudski ZAKO\u0143CZENIE Od 14 wrze\u015bnia kiedy 26 dywizja piechoty rozpocz\u0119\u0142a natarcie pomi\u0119dzy Koz\u0142owem Szlacheckim, a Kompin\u0105 w kierunku na Bolim\u00f3w, a wymarszem do Bud Starych w dn. 18 wrze\u015bnia na przepraw\u0119 do Puszczy Kampinoskiej, min\u0119\u0142o 5 dni. Pi\u0119\u0107 d\u0142ugich tragicznych [&hellip;]<\/p>\n","protected":false},"author":1,"featured_media":0,"parent":9,"menu_order":0,"comment_status":"open","ping_status":"open","template":"","meta":{"footnotes":""},"class_list":["post-45","page","type-page","status-publish","hentry"],"_links":{"self":[{"href":"https:\/\/www.bitwanadbzura.pl\/index.php?rest_route=\/wp\/v2\/pages\/45","targetHints":{"allow":["GET"]}}],"collection":[{"href":"https:\/\/www.bitwanadbzura.pl\/index.php?rest_route=\/wp\/v2\/pages"}],"about":[{"href":"https:\/\/www.bitwanadbzura.pl\/index.php?rest_route=\/wp\/v2\/types\/page"}],"author":[{"embeddable":true,"href":"https:\/\/www.bitwanadbzura.pl\/index.php?rest_route=\/wp\/v2\/users\/1"}],"replies":[{"embeddable":true,"href":"https:\/\/www.bitwanadbzura.pl\/index.php?rest_route=%2Fwp%2Fv2%2Fcomments&post=45"}],"version-history":[{"count":4,"href":"https:\/\/www.bitwanadbzura.pl\/index.php?rest_route=\/wp\/v2\/pages\/45\/revisions"}],"predecessor-version":[{"id":357,"href":"https:\/\/www.bitwanadbzura.pl\/index.php?rest_route=\/wp\/v2\/pages\/45\/revisions\/357"}],"up":[{"embeddable":true,"href":"https:\/\/www.bitwanadbzura.pl\/index.php?rest_route=\/wp\/v2\/pages\/9"}],"wp:attachment":[{"href":"https:\/\/www.bitwanadbzura.pl\/index.php?rest_route=%2Fwp%2Fv2%2Fmedia&parent=45"}],"curies":[{"name":"wp","href":"https:\/\/api.w.org\/{rel}","templated":true}]}}