{"id":51,"date":"2011-09-30T14:04:46","date_gmt":"2011-09-30T12:04:46","guid":{"rendered":"http:\/\/paciorek.org\/bitwa\/?page_id=51"},"modified":"2012-03-19T23:21:43","modified_gmt":"2012-03-19T22:21:43","slug":"kalendarium","status":"publish","type":"page","link":"https:\/\/www.bitwanadbzura.pl\/?page_id=51","title":{"rendered":"Kalendarium"},"content":{"rendered":"<p><strong><em>\u201eNie zgubcie pami\u0119ci, cz\u0142owiek bez pami\u0119ci<\/em><\/strong><\/p>\n<p><strong><em>jest osob\u0105 pozbawion\u0105 przysz\u0142o\u015bci\u201d<\/em><\/strong><\/p>\n<p><strong><em>Jan Pawe\u0142 II<\/em><\/strong><\/p>\n<p>&nbsp;<\/p>\n<p style=\"text-align: center;\">KALENDARIUM BITWY NAD BZUR\u0104 26 DYWIZJI PIECHOTY W REJONIE MIEJSCOWO\u015aCI: KOZ\u0141\u00d3W SZLACHECKI, NOWY KOZ\u0141\u00d3W PIERWSZY, NOWY D\u0118SK<br \/>\nI BRAKI<\/p>\n<p style=\"text-align: center;\">W DNIACH OD 12. 09. 1939 ROKU DO 16. 09. 1939 ROKU<\/p>\n<p><span style=\"color: #ff0000;\">12 wrze\u015bnia<\/span><\/p>\n<p>&#8211; Niemcy przekroczyli Bzur\u0119, 9 kompania i plut. CKM z 10 pu\u0142ku piech. 26 Dywizji Piechoty wypar\u0142a niemieckie oddzia\u0142y rozpoznawcze z Patok i Koz\u0142owa Szlacheckiego na po\u0142udniowy brzeg Bzury i buduje pozycje obronne w Koz\u0142owie Szlacheckim, gdzie rzeka jest najbli\u017cej szosy. Przez ca\u0142y dzie\u0144 odpiera pr\u00f3by sforsowania rzeki.<\/p>\n<p><span style=\"color: #ff0000;\">13 wrze\u015bnia<\/span><\/p>\n<p>&#8211; Nad ranem, maszeruj\u0105c ca\u0142\u0105 noc z \u017bychlina 26 Dywizja Piechoty dotar\u0142a do G\u0105golina P\u0142d. P\u0142n. i lasu brakoskiego(las pomi\u0119dzy m. Braki, Emilian\u00f3w i Z\u0142ot\u0105). Gen. T. Kutrzeba wydaje rozkaz dla armii POMORZE natarcia w kierunku na lasy bolimowskie, jednocze\u015bnie oddaje 26 DP z armii POZNA\u0143 pod rozkazy gen. Bortnowskiego z armii POMORZE<\/p>\n<p><span style=\"color: #ff0000;\">14 wrze\u015bnia<\/span><\/p>\n<p>&#8211; Oko\u0142o godz. 8:00 rusza natarcie w kierunku Skierniewic. 10 pu\u0142k piechoty. naciera po osi Kompina, Bednary, Niebor\u00f3w. 37pu\u0142k piechoty naciera po osi Rawki na K\u0119szyce i dalej na Bolim\u00f3w, lewe skrzyd\u0142o 37 pu\u0142ku piechoty naciera pomi\u0119dzy Koz\u0142owem Szlacheckim a Patokami. Do godz. 10:00 26 dyw. piech. przekroczy\u0142a tory kolejowe Sochaczew \u2013 \u0141owicz. Wsparcia artyleryjskiego udziela\u0142 26 pu\u0142k artylerii lekkiej z rejonu G\u0105golina P\u0142d.<\/p>\n<p>&#8211; po zauwa\u017ceniu du\u017cej kolumny czo\u0142g\u00f3w nieprzyjaciela posuwaj\u0105cej si\u0119 od Warszawy w kierunku Sochaczewa, o godz. 10:00 gen. W. Bortnowski wydaje rozkaz zatrzymania natarcia, obawiaj\u0105c si\u0119 okr\u0105\u017cenia 26 Dywizji Piechoty. Dow\u00f3dca 26 Dywizji Piechoty p\u0142k A. Ajdukiewicz zrozumia\u0142 rozkaz gen. W. Bortnowskiego jako rozkaz do wycofania si\u0119. Wycofywanie si\u0119 mia\u0142o bardzo tragiczne skutki, poleg\u0142o kilkakrotnie wi\u0119cej \u017co\u0142nierzy ni\u017c w czasie natarcia<\/p>\n<p><span style=\"color: #ff0000;\">15 wrze\u015bnia<\/span><\/p>\n<p>&#8211; Niemiecka 19 dywizja piechoty przekracza Bzur\u0119 w Koz\u0142owie Szlacheckim, 57 pp. z 19 DP zajmuje Nowy Koz\u0142\u00f3w Pierwszy i Nowy D\u0119bsk. Oko\u0142o godz. 15:00 Bzur\u0119 w Koz\u0142owie Szlacheckim przekracza 1 Dywizja Pancerna nieprzyjaciela i kieruje si\u0119 do lasu brakoskiego.<\/p>\n<p>&#8211; P\u00f3\u017anym wieczorem III batalion z 37 pp od G\u0105golina P\u0142d. naciera na Nowy D\u0119bsk i Nowy Koz\u0142\u00f3w Pierwszy w celu wyparcia Niemc\u00f3w za Bzur\u0119. Nieprzyjaciel nie da\u0142 si\u0119 zaskoczy\u0107, Niemcy otworzyli ogie\u0144 z broni maszynowej z odleg\u0142o\u015bci ok. 30 m. Poleg\u0142o bardzo du\u017co \u017co\u0142nierzy m. in. ppor. F. Nentwig. Pr\u00f3by natarcia trwa\u0142y przez ca\u0142\u0105 noc. Bezskutecznie<\/p>\n<p><span style=\"color: #ff0000;\">16 wrze\u015bnia<\/span><\/p>\n<p>&#8211; Oko\u0142o godz. 7:00 rano 10 i 18 pu\u0142k piechoty nacieraj\u0105 z G\u0105golina Pld. i P\u0142n. oraz Wicia w kierunku Emilianowa, Z\u0142otej i Brak. Nieprzyjaciel zosta\u0142 cz\u0119\u015bciowo wyparty z lasu brakoskiego, b\u00f3j by\u0142 zaci\u0119ty ko\u0142o miejscowo\u015bci Nowy D\u0119bsk i Braki dochodzi\u0142o do walki wr\u0119cz. Niemcy wzmogli ostrza\u0142 artyleryjski pozycji polskich wojsk, do ataku u\u017cyli czo\u0142g\u00f3w oraz lotnictwa. Natarcie si\u0119 za\u0142ama\u0142o, 26 DP musia\u0142a wycofa\u0107 do G\u0105golina P\u0142d. i Wicia.<\/p>\n<p>&#8211; W po\u0142udnie ok. 13:00 III batalion z 10 pp podj\u0105\u0142 natarcie na Nowy Koz\u0142\u00f3w Pierwszy, silny ostrza\u0142 artyleryjski zatrzyma\u0142 natarcie przed Nowym Koz\u0142owem. W czasie natarcia zgin\u0105\u0142 m. in. dow\u00f3dca mjr Z. Roszkowski, ppor. J. Urba\u0144ski (byli pochowani w Nowym D\u0119bsku). ppor. J. Polesiak (jest pochowany w Koz\u0142owie Szlacheckim)To by\u0142a ostatnia bitwa 26 DP w naszym rejonie.-Wieczorem 26 DP uda\u0142a si\u0119 do m. Osiek a nast\u0119pnie do Bud Starych. Tam resztki armii POZNA\u0143 i POMORZE by\u0142y masakrowane przez ostrza\u0142 artyleryjski i bombardowanie.<\/p>\n<p><span style=\"color: #ff0000;\">18 wrze\u015bnia<\/span><\/p>\n<p>&#8211; Armia POMORZE i razem z ni\u0105 26 Dywizja Piechoty przesta\u0142a istnie\u0107 jako jednostka bojowa.<\/p>\n","protected":false},"excerpt":{"rendered":"<p>\u201eNie zgubcie pami\u0119ci, cz\u0142owiek bez pami\u0119ci jest osob\u0105 pozbawion\u0105 przysz\u0142o\u015bci\u201d Jan Pawe\u0142 II &nbsp; KALENDARIUM BITWY NAD BZUR\u0104 26 DYWIZJI PIECHOTY W REJONIE MIEJSCOWO\u015aCI: KOZ\u0141\u00d3W SZLACHECKI, NOWY KOZ\u0141\u00d3W PIERWSZY, NOWY D\u0118SK I BRAKI W DNIACH OD 12. 09. 1939 ROKU DO 16. 09. 1939 ROKU 12 wrze\u015bnia &#8211; Niemcy przekroczyli Bzur\u0119, 9 kompania i plut. [&hellip;]<\/p>\n","protected":false},"author":1,"featured_media":0,"parent":11,"menu_order":0,"comment_status":"open","ping_status":"open","template":"","meta":{"footnotes":""},"class_list":["post-51","page","type-page","status-publish","hentry"],"_links":{"self":[{"href":"https:\/\/www.bitwanadbzura.pl\/index.php?rest_route=\/wp\/v2\/pages\/51","targetHints":{"allow":["GET"]}}],"collection":[{"href":"https:\/\/www.bitwanadbzura.pl\/index.php?rest_route=\/wp\/v2\/pages"}],"about":[{"href":"https:\/\/www.bitwanadbzura.pl\/index.php?rest_route=\/wp\/v2\/types\/page"}],"author":[{"embeddable":true,"href":"https:\/\/www.bitwanadbzura.pl\/index.php?rest_route=\/wp\/v2\/users\/1"}],"replies":[{"embeddable":true,"href":"https:\/\/www.bitwanadbzura.pl\/index.php?rest_route=%2Fwp%2Fv2%2Fcomments&post=51"}],"version-history":[{"count":3,"href":"https:\/\/www.bitwanadbzura.pl\/index.php?rest_route=\/wp\/v2\/pages\/51\/revisions"}],"predecessor-version":[{"id":355,"href":"https:\/\/www.bitwanadbzura.pl\/index.php?rest_route=\/wp\/v2\/pages\/51\/revisions\/355"}],"up":[{"embeddable":true,"href":"https:\/\/www.bitwanadbzura.pl\/index.php?rest_route=\/wp\/v2\/pages\/11"}],"wp:attachment":[{"href":"https:\/\/www.bitwanadbzura.pl\/index.php?rest_route=%2Fwp%2Fv2%2Fmedia&parent=51"}],"curies":[{"name":"wp","href":"https:\/\/api.w.org\/{rel}","templated":true}]}}