{"id":55,"date":"2011-09-30T14:05:31","date_gmt":"2011-09-30T12:05:31","guid":{"rendered":"http:\/\/paciorek.org\/bitwa\/?page_id=55"},"modified":"2012-03-23T11:17:19","modified_gmt":"2012-03-23T10:17:19","slug":"lista-poleglych-zolnierzy-pochowanych-na-cmentarzu-w-kozlowie","status":"publish","type":"page","link":"https:\/\/www.bitwanadbzura.pl\/?page_id=55","title":{"rendered":"Lista poleg\u0142ych \u017co\u0142nierzy pochowanych na cmentarzu w Koz\u0142owie"},"content":{"rendered":"<p style=\"text-align: center;\" align=\"center\">LISTA ZIDENTYFIKOWANYCH POLEG\u0141YCH \u017bO\u0141NIERZY W \u00a0 BITWIE NAD BZUR\u0104 , POCHOWANYCH W ZBIOROWEJ \u00a0 MOGILE\u00a0 NA CMENTARZU PARAFIALNYM<br \/>\nW KOZ\u0141OWIE SZLACHECKIM<\/p>\n<p align=\"center\"><a href=\"http:\/\/paciorek.org\/bitwa\/wp-content\/uploads\/2011\/09\/IMG_1964.jpg\"><img loading=\"lazy\" decoding=\"async\" class=\"aligncenter size-medium wp-image-428\" title=\"IMG_1964\" src=\"http:\/\/paciorek.org\/bitwa\/wp-content\/uploads\/2011\/09\/IMG_1964-300x224.jpg\" alt=\"\" width=\"300\" height=\"224\" srcset=\"https:\/\/www.bitwanadbzura.pl\/wp-content\/uploads\/2011\/09\/IMG_1964-300x224.jpg 300w, https:\/\/www.bitwanadbzura.pl\/wp-content\/uploads\/2011\/09\/IMG_1964-1024x768.jpg 1024w\" sizes=\"auto, (max-width: 300px) 100vw, 300px\" \/><\/a><\/p>\n<table border=\"1\" cellspacing=\"0\" cellpadding=\"0\" align=\"left\">\n<tbody>\n<tr>\n<td valign=\"top\" width=\"42\">L.p.<\/td>\n<td valign=\"top\">stopie\u0144<\/td>\n<td valign=\"top\">Nazwisko i imi\u0119<\/td>\n<td valign=\"top\">Uwagi<\/td>\n<\/tr>\n<tr>\n<td valign=\"top\" width=\"42\">1.<\/td>\n<td valign=\"top\">Strz.<\/td>\n<td valign=\"top\">Bremer Edmund<\/td>\n<td valign=\"top\"><\/td>\n<\/tr>\n<tr>\n<td valign=\"top\" width=\"42\">2.<\/td>\n<td valign=\"top\">Strz.<\/td>\n<td valign=\"top\">Bia\u0142ek Adek<\/td>\n<td valign=\"top\">10 pp<\/td>\n<\/tr>\n<tr>\n<td valign=\"top\" width=\"42\">3.<\/td>\n<td valign=\"top\">\u017bo\u0142n.<\/td>\n<td valign=\"top\">Bi\u0144ko J\u00f3zef<\/td>\n<td valign=\"top\"><\/td>\n<\/tr>\n<tr>\n<td valign=\"top\" width=\"42\">4.<\/td>\n<td valign=\"top\">Strz.<\/td>\n<td valign=\"top\">Dominiak Seweryn<\/td>\n<td valign=\"top\"><\/td>\n<\/tr>\n<tr>\n<td valign=\"top\" width=\"42\">5.<\/td>\n<td valign=\"top\">Strz.<\/td>\n<td valign=\"top\">Duch Stefan<\/td>\n<td valign=\"top\"><\/td>\n<\/tr>\n<tr>\n<td valign=\"top\" width=\"42\">6.<\/td>\n<td valign=\"top\">\u017bo\u0142n.<\/td>\n<td valign=\"top\">Gortak Eugeniusz<\/td>\n<td valign=\"top\"><\/td>\n<\/tr>\n<tr>\n<td valign=\"top\" width=\"42\">7.<\/td>\n<td valign=\"top\">Strz.<\/td>\n<td valign=\"top\">Grabarczyk Anas<\/td>\n<td valign=\"top\"><\/td>\n<\/tr>\n<tr>\n<td valign=\"top\" width=\"42\">8.<\/td>\n<td valign=\"top\">Strz.<\/td>\n<td valign=\"top\">Grobelny Jerzy<\/td>\n<td valign=\"top\">10 pp<\/td>\n<\/tr>\n<tr>\n<td valign=\"top\" width=\"42\">9.<\/td>\n<td valign=\"top\">Strz.<\/td>\n<td valign=\"top\">J\u00f3zefowski Stanis\u0142aw<\/td>\n<td valign=\"top\"><\/td>\n<\/tr>\n<tr>\n<td valign=\"top\" width=\"42\">10.<\/td>\n<td valign=\"top\">Strz.<\/td>\n<td valign=\"top\">Jurkiewicz Konstanty<\/td>\n<td valign=\"top\"><\/td>\n<\/tr>\n<tr>\n<td valign=\"top\" width=\"42\">11.<\/td>\n<td valign=\"top\">Strz.<\/td>\n<td valign=\"top\">Kalinowski Tadeusz<\/td>\n<td valign=\"top\"><\/td>\n<\/tr>\n<tr>\n<td valign=\"top\" width=\"42\">12.<\/td>\n<td valign=\"top\">Strz.<\/td>\n<td valign=\"top\">Karmazo J\u00f3zef<\/td>\n<td valign=\"top\"><\/td>\n<\/tr>\n<tr>\n<td valign=\"top\" width=\"42\">13.<\/td>\n<td valign=\"top\">ST. Strz.<\/td>\n<td valign=\"top\">Kasztelan Zygmunt<\/td>\n<td valign=\"top\">10 pp<\/td>\n<\/tr>\n<tr>\n<td valign=\"top\" width=\"42\">14.<\/td>\n<td valign=\"top\">Strz.<\/td>\n<td valign=\"top\">Kostera Stefan<\/td>\n<td valign=\"top\"><\/td>\n<\/tr>\n<tr>\n<td valign=\"top\" width=\"42\">15.<\/td>\n<td valign=\"top\">Strz.<\/td>\n<td valign=\"top\">Littenberg H<\/td>\n<td valign=\"top\"><\/td>\n<\/tr>\n<tr>\n<td valign=\"top\" width=\"42\">16.<\/td>\n<td valign=\"top\">Sier\u017c.<\/td>\n<td valign=\"top\">Lywik Jan<\/td>\n<td valign=\"top\"><\/td>\n<\/tr>\n<tr>\n<td valign=\"top\" width=\"42\">17.<\/td>\n<td valign=\"top\">Strz.<\/td>\n<td valign=\"top\">Maci\u0105gowski J\u00f3zef<\/td>\n<td valign=\"top\"><\/td>\n<\/tr>\n<tr>\n<td valign=\"top\" width=\"42\">18.<\/td>\n<td valign=\"top\">Strz.<\/td>\n<td valign=\"top\">Mazur J\u00f3zef<\/td>\n<td valign=\"top\"><\/td>\n<\/tr>\n<tr>\n<td valign=\"top\" width=\"42\">19.<\/td>\n<td valign=\"top\">Strz.<\/td>\n<td valign=\"top\">Mazurkiewicz Jakub<\/td>\n<td valign=\"top\"><\/td>\n<\/tr>\n<tr>\n<td valign=\"top\" width=\"42\">20.<\/td>\n<td valign=\"top\">Strz.<\/td>\n<td valign=\"top\">Olesieski Kazimierz<\/td>\n<td valign=\"top\"><\/td>\n<\/tr>\n<tr>\n<td valign=\"top\" width=\"42\">21.<\/td>\n<td valign=\"top\">\u017bo\u0142n.<\/td>\n<td valign=\"top\">Parzeczewski Moszek<\/td>\n<td valign=\"top\"><\/td>\n<\/tr>\n<tr>\n<td valign=\"top\" width=\"42\">22.<\/td>\n<td valign=\"top\">Ppor.<\/td>\n<td valign=\"top\">Polesiak Jan<\/td>\n<td valign=\"top\">10pp<\/td>\n<\/tr>\n<tr>\n<td valign=\"top\" width=\"42\">23.<\/td>\n<td valign=\"top\">\u017bo\u0142n.<\/td>\n<td valign=\"top\">Rummer Adolf<\/td>\n<td valign=\"top\"><\/td>\n<\/tr>\n<tr>\n<td valign=\"top\" width=\"42\">24.<\/td>\n<td valign=\"top\">Strz.<\/td>\n<td valign=\"top\">Schoen Erwin<\/td>\n<td valign=\"top\"><\/td>\n<\/tr>\n<tr>\n<td valign=\"top\" width=\"42\">25.<\/td>\n<td valign=\"top\">kapral<\/td>\n<td valign=\"top\">Sujek Henryk<\/td>\n<td valign=\"top\"><\/td>\n<\/tr>\n<tr>\n<td valign=\"top\" width=\"42\">26.<\/td>\n<td valign=\"top\">Strz.<\/td>\n<td valign=\"top\">Szmytkowski Zygmunt<\/td>\n<td valign=\"top\"><\/td>\n<\/tr>\n<tr>\n<td valign=\"top\" width=\"42\">27.<\/td>\n<td valign=\"top\">Strz.<\/td>\n<td valign=\"top\">Tycko Danych<\/td>\n<td valign=\"top\">10pp<\/td>\n<\/tr>\n<tr>\n<td valign=\"top\" width=\"42\">28.<\/td>\n<td valign=\"top\">\u017bo\u0142n.<\/td>\n<td valign=\"top\">Wilczy\u0144ski Stanis\u0142aw<\/td>\n<td valign=\"top\"><\/td>\n<\/tr>\n<\/tbody>\n<\/table>\n<p>&nbsp;<\/p>\n<p>&nbsp;<\/p>\n<p>&nbsp;<\/p>\n<p>&nbsp;<\/p>\n<p>&nbsp;<\/p>\n<p>&nbsp;<\/p>\n<p>&nbsp;<\/p>\n<p>&nbsp;<\/p>\n<p>&nbsp;<\/p>\n<p>&nbsp;<\/p>\n<p>&nbsp;<\/p>\n<p>&nbsp;<\/p>\n<p>&nbsp;<\/p>\n<p>&nbsp;<\/p>\n","protected":false},"excerpt":{"rendered":"<p>LISTA ZIDENTYFIKOWANYCH POLEG\u0141YCH \u017bO\u0141NIERZY W \u00a0 BITWIE NAD BZUR\u0104 , POCHOWANYCH W ZBIOROWEJ \u00a0 MOGILE\u00a0 NA CMENTARZU PARAFIALNYM W KOZ\u0141OWIE SZLACHECKIM L.p. stopie\u0144 Nazwisko i imi\u0119 Uwagi 1. Strz. Bremer Edmund 2. Strz. Bia\u0142ek Adek 10 pp 3. \u017bo\u0142n. Bi\u0144ko J\u00f3zef 4. Strz. Dominiak Seweryn 5. Strz. Duch Stefan 6. \u017bo\u0142n. Gortak Eugeniusz 7. Strz. [&hellip;]<\/p>\n","protected":false},"author":1,"featured_media":0,"parent":13,"menu_order":0,"comment_status":"open","ping_status":"open","template":"","meta":{"footnotes":""},"class_list":["post-55","page","type-page","status-publish","hentry"],"_links":{"self":[{"href":"https:\/\/www.bitwanadbzura.pl\/index.php?rest_route=\/wp\/v2\/pages\/55","targetHints":{"allow":["GET"]}}],"collection":[{"href":"https:\/\/www.bitwanadbzura.pl\/index.php?rest_route=\/wp\/v2\/pages"}],"about":[{"href":"https:\/\/www.bitwanadbzura.pl\/index.php?rest_route=\/wp\/v2\/types\/page"}],"author":[{"embeddable":true,"href":"https:\/\/www.bitwanadbzura.pl\/index.php?rest_route=\/wp\/v2\/users\/1"}],"replies":[{"embeddable":true,"href":"https:\/\/www.bitwanadbzura.pl\/index.php?rest_route=%2Fwp%2Fv2%2Fcomments&post=55"}],"version-history":[{"count":4,"href":"https:\/\/www.bitwanadbzura.pl\/index.php?rest_route=\/wp\/v2\/pages\/55\/revisions"}],"predecessor-version":[{"id":427,"href":"https:\/\/www.bitwanadbzura.pl\/index.php?rest_route=\/wp\/v2\/pages\/55\/revisions\/427"}],"up":[{"embeddable":true,"href":"https:\/\/www.bitwanadbzura.pl\/index.php?rest_route=\/wp\/v2\/pages\/13"}],"wp:attachment":[{"href":"https:\/\/www.bitwanadbzura.pl\/index.php?rest_route=%2Fwp%2Fv2%2Fmedia&parent=55"}],"curies":[{"name":"wp","href":"https:\/\/api.w.org\/{rel}","templated":true}]}}