{"id":59,"date":"2011-09-30T14:06:07","date_gmt":"2011-09-30T12:06:07","guid":{"rendered":"http:\/\/paciorek.org\/bitwa\/?page_id=59"},"modified":"2012-03-19T12:49:17","modified_gmt":"2012-03-19T11:49:17","slug":"zbiorowa-mogila","status":"publish","type":"page","link":"https:\/\/www.bitwanadbzura.pl\/?page_id=59","title":{"rendered":"Zbiorowa mogi\u0142a"},"content":{"rendered":"<p>ZBIOROWA MOGI\u0141A W NOWYM D\u0118BSKU<\/p>\n<p>Poch\u00f3wkiem \u017co\u0142nierzy, kt\u00f3rzy polegli na polach Nowego D\u0119bska i Nowego Koz\u0142owa Pierwszego zaj\u0119li si\u0119 mieszka\u0144cy wspomnianych miejscowo\u015bci. Ka\u017cda gmina by\u0142a zobowi\u0105zana do pochowania poleg\u0142ych \u017co\u0142nierzy na ich terenie. Nale\u017cy wyrazi\u0107 uznanie dla tych os\u00f3b, kt\u00f3re zaj\u0119\u0142y si\u0119 ostatni\u0105 pos\u0142ug\u0105 bohaterom. Cia\u0142a poleg\u0142ych \u017co\u0142nierzy w wi\u0119kszo\u015bci by\u0142y rozszarpane przez wybuchy pocisk\u00f3w armatnich i bomb, widok by\u0142 straszny i przygn\u0119biaj\u0105cy.<\/p>\n<p>Pole bitwy stoczonej w dniu 16 wrze\u015bnia 1939r. pomi\u0119dzy G\u0105golinem P\u0142d. a Emilianowem, Z\u0142ot\u0105, Brakami, Nowym D\u0119bskiem oraz Nowym Koz\u0142owem Pierwszym by\u0142o po\u0142o\u017cone na terenie trzech gmin: Kompina, Rybno i Koz\u0142\u00f3w Biskupi(w owym czasie). W Nowym D\u0119bsku byli pochowani \u017co\u0142nierze, kt\u00f3rzy polegli na polach Nowego Koz\u0142owa Pierwszego i Nowego D\u0119bska. Spis ich sporz\u0105dzi\u0142 Jan Wojda z Nowego D\u0119bska. Byli oni uk\u0142adani w mogile wed\u0142ug listy. To\u017csamo\u015b\u0107 poleg\u0142ego \u017co\u0142nierza by\u0142a ustalana z nie\u015bmiertelnik\u00f3w lub dokument\u00f3w. Na skraju mogi\u0142y polskich \u017co\u0142nierzy, by\u0142o pochowanych 4 Niemc\u00f3w. Niemcy zabrali cia\u0142a swoich \u017co\u0142nierzy w ci\u0105gu kilku tygodni. Rodziny zaginionych na froncie zacz\u0119\u0142y poszukiwa\u0107 swoich bliskich. W pierwszych miesi\u0105cach po bitwie zabra\u0142y 27 cia\u0142 poleg\u0142ych \u017co\u0142nierzy.<\/p>\n<p>Tu w tej mogile by\u0142o pochowanych 134 poleg\u0142ych \u017co\u0142nierzy, wed\u0142ug nie\u015bmiertelnik\u00f3w by\u0142o: 91 \u017co\u0142nierzy wyznania katolickiego,25 moj\u017ceszowego, 7 grekokatolickiego i 5 ewangelickiego. W Nowym D\u0119bsku byli pochowani \u017co\u0142nierze z 26 dywizji piechoty armii \u201ePomorze\u201d, wi\u0119kszo\u015b\u0107 z nich to \u017co\u0142nierze z 37 pu\u0142ku piechoty z Kutna kilkudziesi\u0119ciu z 10 pu\u0142ku piechoty z \u0141owicza i z 18 pu\u0142ku piechoty ze Skierniewic.<\/p>\n<p>By\u0142 tu pochowany m.in. mjr Z. Roszkowski dow\u00f3dca III batalionu z 10 pu\u0142ku piechoty, porucznicy z 10 pp Pelasiak , Urba\u0144ski, Polesiak. Pochowany tu by\u0142 por. Nentwip dow\u00f3dca kompanii z III batalionu z 37 pu\u0142ku piechoty, kt\u00f3ry poleg\u0142 w czasie nocnego natarcia z 15 na 16 wrze\u015bnia.<\/p>\n<p style=\"text-align: center;\">W tej mogile by\u0142 pochowany kapral podchor\u0105\u017cy Aleksander Prze\u017ami\u0144ski z 10 pp. pochodzi\u0142 z Sochaczewa. W dniu 16 wrze\u015bnia na kilka godzin przed \u015bmierci\u0105 napisa\u0142 do matki wzruszaj\u0105cy list, kt\u00f3ry razem z innymi pami\u0105tkami po kapralu podch. Aleksandrze Prze\u017ami\u0144skim znajduje si\u0119 w Muzeum Ziemi Sochaczewskiej i Pola Bitwy nad Bzur\u0105 w Sochaczewie.<a href=\"http:\/\/paciorek.org\/bitwa\/wp-content\/uploads\/2011\/09\/386-MZS1.jpg\"><img loading=\"lazy\" decoding=\"async\" class=\"aligncenter  wp-image-344\" title=\"386-MZS\" src=\"http:\/\/paciorek.org\/bitwa\/wp-content\/uploads\/2011\/09\/386-MZS1.jpg\" alt=\"\" width=\"442\" height=\"590\" srcset=\"https:\/\/www.bitwanadbzura.pl\/wp-content\/uploads\/2011\/09\/386-MZS1.jpg 768w, https:\/\/www.bitwanadbzura.pl\/wp-content\/uploads\/2011\/09\/386-MZS1-225x300.jpg 225w\" sizes=\"auto, (max-width: 442px) 100vw, 442px\" \/><\/a><\/p>\n<p style=\"text-align: center;\"><a href=\"http:\/\/paciorek.org\/bitwa\/wp-content\/uploads\/2011\/09\/mogi\u0142a3.jpg\"><img loading=\"lazy\" decoding=\"async\" class=\"aligncenter  wp-image-326\" title=\"mogi\u0142a\" src=\"http:\/\/paciorek.org\/bitwa\/wp-content\/uploads\/2011\/09\/mogi\u0142a3-1024x713.jpg\" alt=\"\" width=\"502\" height=\"349\" srcset=\"https:\/\/www.bitwanadbzura.pl\/wp-content\/uploads\/2011\/09\/mogi\u0142a3-1024x713.jpg 1024w, https:\/\/www.bitwanadbzura.pl\/wp-content\/uploads\/2011\/09\/mogi\u0142a3-300x208.jpg 300w\" sizes=\"auto, (max-width: 502px) 100vw, 502px\" \/><\/a><\/p>\n<p style=\"text-align: center;\"><a href=\"http:\/\/paciorek.org\/bitwa\/wp-content\/uploads\/2011\/09\/Scan10051.jpg\"><img loading=\"lazy\" decoding=\"async\" class=\"aligncenter  wp-image-329\" title=\"Scan10051\" src=\"http:\/\/paciorek.org\/bitwa\/wp-content\/uploads\/2011\/09\/Scan10051-1024x720.jpg\" alt=\"\" width=\"407\" height=\"286\" srcset=\"https:\/\/www.bitwanadbzura.pl\/wp-content\/uploads\/2011\/09\/Scan10051-1024x720.jpg 1024w, https:\/\/www.bitwanadbzura.pl\/wp-content\/uploads\/2011\/09\/Scan10051-300x211.jpg 300w\" sizes=\"auto, (max-width: 407px) 100vw, 407px\" \/><\/a><strong><em>\u00a0Mieszka\u0144cy okolicznych wsi otoczyli mogi\u0142\u0119 troskliw\u0105 opiek\u0105, czego dowodem jest oto ten pomnik z kamienia postawiony w 1940 roku. Pomnik ten jest dzie\u0142em sztuki kamieniarskiej Jana Kosmali i Feliksa Skomia\u0142a z Nowego Koz\u0142owa Pierwszego. M\u0142odzie\u017c przynosi\u0142a kwiaty, by\u0142y odmawiane modlitwy, zapalano \u015bwieczki nie tylko z okazji Wszystkich \u015awi\u0119tych<\/em><\/strong><a href=\"http:\/\/paciorek.org\/bitwa\/wp-content\/uploads\/2011\/09\/Scan100491.jpg\"><img loading=\"lazy\" decoding=\"async\" class=\"aligncenter  wp-image-328\" title=\"Scan10049\" src=\"http:\/\/paciorek.org\/bitwa\/wp-content\/uploads\/2011\/09\/Scan100491-695x1024.jpg\" alt=\"\" width=\"556\" height=\"819\" srcset=\"https:\/\/www.bitwanadbzura.pl\/wp-content\/uploads\/2011\/09\/Scan100491-695x1024.jpg 695w, https:\/\/www.bitwanadbzura.pl\/wp-content\/uploads\/2011\/09\/Scan100491-203x300.jpg 203w\" sizes=\"auto, (max-width: 556px) 100vw, 556px\" \/><\/a><\/p>\n<p><strong><em>\u00a0Chwila zadumy nad tragicznym losem, le\u017c\u0105cych tu \u017co\u0142nierzy. Nieko\u0144cz\u0105cy si\u0119 rz\u0105d podziurawionych he\u0142m\u00f3w nape\u0142nia smutkiem.<\/em><\/strong><\/p>\n<p>O g\u0142\u0119bokim prze\u017cyciu tej bitwy i jej tragicznych skutkach \u015bwiadcz\u0105 wiersze, w kt\u00f3rych zawarty jest patriotyzm, podziw, uznanie dla bohaterstwa \u017co\u0142nierzy oraz b\u00f3l i \u017cal, \u017ce tylu ich poleg\u0142o.<\/p>\n<p>Tu\u017c po wojnie \u017co\u0142nierze sowieccy, kt\u00f3rzy nadzorowali lini\u0119 telefoniczn\u0105 Moskwa-Berlin, urz\u0105dzili sobie strzelanie do krzy\u017ca na pomniku, krzy\u017c jako symbol chrze\u015bcija\u0144stwa zosta\u0142 zniszczony a \u017co\u0142nierska mogi\u0142a zbezczeszczona. Dokonali wielkiego barbarzy\u0144stwa.<\/p>\n<p>W roku 1952 pozosta\u0142e szcz\u0105tki poleg\u0142ych \u017co\u0142nierzy ekshumowano i pochowano na cmentarzu wojskowym na Pow\u0105zkach w Warszawie w kwaterze nr B 10-6-27.<\/p>\n","protected":false},"excerpt":{"rendered":"<p>ZBIOROWA MOGI\u0141A W NOWYM D\u0118BSKU Poch\u00f3wkiem \u017co\u0142nierzy, kt\u00f3rzy polegli na polach Nowego D\u0119bska i Nowego Koz\u0142owa Pierwszego zaj\u0119li si\u0119 mieszka\u0144cy wspomnianych miejscowo\u015bci. Ka\u017cda gmina by\u0142a zobowi\u0105zana do pochowania poleg\u0142ych \u017co\u0142nierzy na ich terenie. Nale\u017cy wyrazi\u0107 uznanie dla tych os\u00f3b, kt\u00f3re zaj\u0119\u0142y si\u0119 ostatni\u0105 pos\u0142ug\u0105 bohaterom. Cia\u0142a poleg\u0142ych \u017co\u0142nierzy w wi\u0119kszo\u015bci by\u0142y rozszarpane przez wybuchy pocisk\u00f3w [&hellip;]<\/p>\n","protected":false},"author":2,"featured_media":0,"parent":15,"menu_order":0,"comment_status":"open","ping_status":"open","template":"","meta":{"footnotes":""},"class_list":["post-59","page","type-page","status-publish","hentry"],"_links":{"self":[{"href":"https:\/\/www.bitwanadbzura.pl\/index.php?rest_route=\/wp\/v2\/pages\/59","targetHints":{"allow":["GET"]}}],"collection":[{"href":"https:\/\/www.bitwanadbzura.pl\/index.php?rest_route=\/wp\/v2\/pages"}],"about":[{"href":"https:\/\/www.bitwanadbzura.pl\/index.php?rest_route=\/wp\/v2\/types\/page"}],"author":[{"embeddable":true,"href":"https:\/\/www.bitwanadbzura.pl\/index.php?rest_route=\/wp\/v2\/users\/2"}],"replies":[{"embeddable":true,"href":"https:\/\/www.bitwanadbzura.pl\/index.php?rest_route=%2Fwp%2Fv2%2Fcomments&post=59"}],"version-history":[{"count":6,"href":"https:\/\/www.bitwanadbzura.pl\/index.php?rest_route=\/wp\/v2\/pages\/59\/revisions"}],"predecessor-version":[{"id":322,"href":"https:\/\/www.bitwanadbzura.pl\/index.php?rest_route=\/wp\/v2\/pages\/59\/revisions\/322"}],"up":[{"embeddable":true,"href":"https:\/\/www.bitwanadbzura.pl\/index.php?rest_route=\/wp\/v2\/pages\/15"}],"wp:attachment":[{"href":"https:\/\/www.bitwanadbzura.pl\/index.php?rest_route=%2Fwp%2Fv2%2Fmedia&parent=59"}],"curies":[{"name":"wp","href":"https:\/\/api.w.org\/{rel}","templated":true}]}}