{"id":63,"date":"2011-09-30T14:06:52","date_gmt":"2011-09-30T12:06:52","guid":{"rendered":"http:\/\/paciorek.org\/bitwa\/?page_id=63"},"modified":"2012-07-17T20:40:49","modified_gmt":"2012-07-17T18:40:49","slug":"historia-krotkiego-zycia","status":"publish","type":"page","link":"https:\/\/www.bitwanadbzura.pl\/?page_id=63","title":{"rendered":"Historia kr\u00f3tkiego \u017cycia&#8230;"},"content":{"rendered":"<p>HISTORIA KR\u00d3TKIEGO \u017bYCIA KAPRALA PODCH.<\/p>\n<p>ALEKSANDRA PRZE\u0179MI\u0143SKIEGO Z 10 PU\u0141KU PIECH.<\/p>\n<p>&nbsp;<\/p>\n<p>W Sochaczewie w Muzeum Ziemi Sochaczewskiej i Pola Bitwy nad Bzur\u0105 s\u0105 pami\u0105tki po kapralu podchor\u0105\u017cym Aleksandrze Prze\u017ami\u0144skim, kt\u00f3ry zgin\u0105\u0142 na polach Nowego D\u0119bska. Pochowany by\u0142 w zbiorowej mogile w Nowym D\u0119bsku, na li\u015bcie poleg\u0142ych poz. 102. W\u015br\u00f3d pami\u0105tek przekazanych do muzeum jest: legitymacja wojskowa, nie\u015bmiertelnik, legitymacja harcerska, kilka zdj\u0119\u0107 ,oraz najbardziej cenna i wzruszaj\u0105ca pami\u0105tka jak\u0105 jest list napisany w okopie przez kaprala podch. Aleksandra Prze\u017ami\u0144skiego do matki w dniu 16 wrze\u015bnia 1939r.,na kilka godzin przed \u015bmierci\u0105. A oto tre\u015b\u0107 listu :<\/p>\n<p><a href=\"http:\/\/paciorek.org\/bitwa\/wp-content\/uploads\/2011\/09\/skanuj0010.jpg\"><img loading=\"lazy\" decoding=\"async\" class=\"aligncenter size-medium wp-image-594\" title=\"skanuj0010\" src=\"http:\/\/paciorek.org\/bitwa\/wp-content\/uploads\/2011\/09\/skanuj0010-300x282.jpg\" alt=\"\" width=\"300\" height=\"282\" \/><\/a><\/p>\n<p>\u201eKochana Mamo!<\/p>\n<p>Jestem w pobli\u017cu Sochaczewa w odleg\u0142o\u015bci 6 km. Dowiedzia\u0142em si\u0119 , \u017ce Sochaczew zosta\u0142 zbombardowany, \u017ce wszyscy mieszka\u0144cy zostali ewakuowani. Czy Mama jest w jej liczbie? Czy Fela i Janka s\u0105 zdrowe? Tyle widzia\u0142em n\u0119dzy uciekinier\u00f3w, \u017ce na my\u015bl, \u017ce z Wami dzieje si\u0119 to samo, ogarnia mnie rozpacz. Czy macie co je\u015b\u0107?<\/p>\n<p>Widocznie przeznaczeniem moim jest zgin\u0105\u0107 w pobli\u017cu miasta, w kt\u00f3rym si\u0119 urodzi\u0142em. Walcz\u0119 w pobli\u017cu Kompiny ,D\u0119bska. Zn\u00f3w dowiaduj\u0119 si\u0119 o zaj\u0119ciu Sochaczewa przez Niemc\u00f3w. Siedz\u0119 w okopie i czekam swojej \u015bmierci.<\/p>\n<p>Nieprzyjaciela nie widz\u0119. Jedynie samoloty i artyleria nie daj\u0105 spokoju.<\/p>\n<p>Walczymy z wrogiem niewidzialnym.\u201d<\/p>\n<p>&nbsp;<\/p>\n<p>I tu urywa si\u0119 list, znaleziono go przy poleg\u0142ym. Na kopercie znajdowa\u0142 si\u0119 dopisek: \u201d Osob\u0119, kt\u00f3ra znajdzie ten list prosz\u0119 o dor\u0119czenie adresatowi\u201d.<\/p>\n<p>Tre\u015b\u0107 listu i okoliczno\u015bci w jakich by\u0142 napisany \u015bciskaj\u0105 za gard\u0142o. Trudno jest wydoby\u0107 z siebie s\u0142owa, kt\u00f3re by opisa\u0142y dramat prze\u017cy\u0107 wewn\u0119trznych jak i groz\u0119 wojny.<\/p>\n<p>Pami\u0105tki po kapralu podch. Aleksandrze Prze\u017ami\u0144skim, uzupe\u0142nia relacja siostry Janiny, o jego \u017cyciu, walce i \u015bmierci. A. Prze\u017ami\u0144ski &#8211; absolwent gimnazjum im. Fr. Chopina w Sochaczewie, student prawa na UW, czynny harcerz by\u0142 \u017co\u0142nierzem 3-ej kompanii strzeleckiej 10 pu\u0142ku piechoty. Pu\u0142k ten toczy\u0142 krwawe i zaci\u0119te boje w rejonie Kompiny, Bednar, Nowego Koz\u0142owa i Nowego D\u0119bska, gdzie poni\u00f3s\u0142 du\u017ce straty. Po zako\u0144czeniu walk list wraz z kopert\u0105 przyni\u00f3s\u0142 do Sochaczewa nieznany \u017co\u0142nierz odda\u0142 go rodzinie bez s\u0142owa i odszed\u0142. Po pewnym czasie matka otrzyma\u0142a kartk\u0119 z wiadomo\u015bci\u0105 tej tre\u015bci.<\/p>\n<p>\u201eA. Prze\u017ami\u0144ski \u2013 D\u0119bsk\u201d.<a href=\"http:\/\/paciorek.org\/bitwa\/wp-content\/uploads\/2011\/09\/bez-ewid.-01-a.jpg\"><img loading=\"lazy\" decoding=\"async\" class=\"aligncenter size-medium wp-image-597\" title=\"bez ewid. 01 (a)\" src=\"http:\/\/paciorek.org\/bitwa\/wp-content\/uploads\/2011\/09\/bez-ewid.-01-a-300x220.jpg\" alt=\"\" width=\"300\" height=\"220\" \/><\/a>Powy\u017cej: Koperta zaadresowana do matki, w kt\u00f3rej by\u0142 list, na odwrocie napis: \u201eOsob\u0119, kt\u00f3ra znajdzie ten list prosz\u0119 bardzo o dor\u0119czenie adresatowi\u201d.<\/p>\n<p>Poni\u017cej: Ksi\u0105\u017ceczka wojskowa kaprala podchor\u0105\u017cego Aleksandra Prze\u017ami\u0144skiego<a href=\"http:\/\/paciorek.org\/bitwa\/wp-content\/uploads\/2011\/09\/380-MZS-MZS-943-b.jpg\"><img loading=\"lazy\" decoding=\"async\" class=\"aligncenter size-medium wp-image-598\" title=\"380-MZS (MZS-943) (b)\" src=\"http:\/\/paciorek.org\/bitwa\/wp-content\/uploads\/2011\/09\/380-MZS-MZS-943-b-300x216.jpg\" alt=\"\" width=\"300\" height=\"216\" \/><\/a><\/p>\n<p style=\"text-align: center;\">Przypuszczaj\u0105c, \u017ce brat ukrywa si\u0119 w tej miejscowo\u015bci, do D\u0119bska uda\u0142a si\u0119 jego siostra \u2013 Janina. Po zg\u0142oszeniu si\u0119 u so\u0142tysa, dowiedzia\u0142a si\u0119, \u017ce jest lista poleg\u0142ych pochowanych w Nowym D\u0119bsku. Na li\u015bcie odnalaz\u0142a swojego brata. Od mieszka\u0144c\u00f3w Nowego Koz\u0142owa i Nowego D\u0119bska dowiedzia\u0142a si\u0119, o krwawych i zaci\u0119tych walkach jakie toczy\u0142y si\u0119 w tym rejonie. Przed walk\u0105 proponowano mu przebranie si\u0119 w cywilne ubranie, poniewa\u017c by\u0142 znany mieszka\u0144com D\u0119bska, jako harcerz i turysta. On jednak odm\u00f3wi\u0142 i nie przyj\u0105\u0142 tej propozycji, pozosta\u0142 wierny przysi\u0119dze. Po odnalezieniu mogi\u0142y rodzina rozpocz\u0119\u0142a starania u w\u0142adz okupacyjnych o zezwolenie na ekshumacj\u0119, zgody nie uzyskali. Rodzina podj\u0119\u0142a dzia\u0142ania na w\u0142asn\u0105 r\u0119k\u0119, w pa\u017adzierniku w nocy doro\u017ck\u0105 z trumn\u0105 pojechali do Nowego D\u0119bska. Tam ju\u017c czekali miejscowi ludzie, wykopali cia\u0142o, trumn\u0119 zamaskowali ga\u0142\u0119ziami i dotarli szcz\u0119\u015bliwie na cmentarz w Sochaczewie, gdzie w grobie rodzinnym pochowano poleg\u0142ego.<a href=\"http:\/\/paciorek.org\/bitwa\/wp-content\/uploads\/2011\/09\/393-MZS1.jpg\"><img loading=\"lazy\" decoding=\"async\" class=\"aligncenter size-medium wp-image-601\" title=\"393-MZS\" src=\"http:\/\/paciorek.org\/bitwa\/wp-content\/uploads\/2011\/09\/393-MZS1-218x300.jpg\" alt=\"\" width=\"218\" height=\"300\" \/><\/a>Kapral podchor\u0105\u017cy Aleksander Prze\u017ami\u0144ski<\/p>\n<p>&nbsp;<\/p>\n<p>&nbsp;<\/p>\n<p>&nbsp;<\/p>\n<p>&nbsp;<\/p>\n<p>&nbsp;<\/p>\n<p>&nbsp;<\/p>\n<p>&nbsp;<\/p>\n<p>&nbsp;<\/p>\n<p>&nbsp;<\/p>\n<p>&nbsp;<\/p>\n<p>&nbsp;<\/p>\n<p>&nbsp;<\/p>\n<p>&nbsp;<\/p>\n<p>&nbsp;<\/p>\n<p>&nbsp;<\/p>\n<p>&nbsp;<\/p>\n<p>&nbsp;<\/p>\n<p>&nbsp;<\/p>\n<p>&nbsp;<\/p>\n<p>Grobowiec rodzinny rodziny Prze\u017ami\u0144skich na cmentarzu w Sochaczewie<\/p>\n<p>&nbsp;<\/p>\n<p>&nbsp;<\/p>\n","protected":false},"excerpt":{"rendered":"<p>HISTORIA KR\u00d3TKIEGO \u017bYCIA KAPRALA PODCH. ALEKSANDRA PRZE\u0179MI\u0143SKIEGO Z 10 PU\u0141KU PIECH. &nbsp; W Sochaczewie w Muzeum Ziemi Sochaczewskiej i Pola Bitwy nad Bzur\u0105 s\u0105 pami\u0105tki po kapralu podchor\u0105\u017cym Aleksandrze Prze\u017ami\u0144skim, kt\u00f3ry zgin\u0105\u0142 na polach Nowego D\u0119bska. Pochowany by\u0142 w zbiorowej mogile w Nowym D\u0119bsku, na li\u015bcie poleg\u0142ych poz. 102. W\u015br\u00f3d pami\u0105tek przekazanych do muzeum jest: [&hellip;]<\/p>\n","protected":false},"author":1,"featured_media":0,"parent":15,"menu_order":0,"comment_status":"open","ping_status":"open","template":"","meta":{"footnotes":""},"class_list":["post-63","page","type-page","status-publish","hentry"],"_links":{"self":[{"href":"https:\/\/www.bitwanadbzura.pl\/index.php?rest_route=\/wp\/v2\/pages\/63","targetHints":{"allow":["GET"]}}],"collection":[{"href":"https:\/\/www.bitwanadbzura.pl\/index.php?rest_route=\/wp\/v2\/pages"}],"about":[{"href":"https:\/\/www.bitwanadbzura.pl\/index.php?rest_route=\/wp\/v2\/types\/page"}],"author":[{"embeddable":true,"href":"https:\/\/www.bitwanadbzura.pl\/index.php?rest_route=\/wp\/v2\/users\/1"}],"replies":[{"embeddable":true,"href":"https:\/\/www.bitwanadbzura.pl\/index.php?rest_route=%2Fwp%2Fv2%2Fcomments&post=63"}],"version-history":[{"count":8,"href":"https:\/\/www.bitwanadbzura.pl\/index.php?rest_route=\/wp\/v2\/pages\/63\/revisions"}],"predecessor-version":[{"id":292,"href":"https:\/\/www.bitwanadbzura.pl\/index.php?rest_route=\/wp\/v2\/pages\/63\/revisions\/292"}],"up":[{"embeddable":true,"href":"https:\/\/www.bitwanadbzura.pl\/index.php?rest_route=\/wp\/v2\/pages\/15"}],"wp:attachment":[{"href":"https:\/\/www.bitwanadbzura.pl\/index.php?rest_route=%2Fwp%2Fv2%2Fmedia&parent=63"}],"curies":[{"name":"wp","href":"https:\/\/api.w.org\/{rel}","templated":true}]}}