{"id":65,"date":"2011-09-30T14:07:10","date_gmt":"2011-09-30T12:07:10","guid":{"rendered":"http:\/\/paciorek.org\/bitwa\/?page_id=65"},"modified":"2012-09-20T07:52:16","modified_gmt":"2012-09-20T05:52:16","slug":"wiersze-naznaczone-pietnem-wojny","status":"publish","type":"page","link":"https:\/\/www.bitwanadbzura.pl\/?page_id=65","title":{"rendered":"Wiersze naznaczone pi\u0119tnem wojny"},"content":{"rendered":"<p>WIERSZE NAZNACZONE PI\u0118TNEM WOJNY<\/p>\n<p>&nbsp;<\/p>\n<p>Wiersz napisany przez Witolda Doma\u0144skiego w 2004r., a wi\u0119c 65 lat po krwawej bitwie nad Bzur\u0105. Ten wiersz oddaje atmosfer\u0119 i \u015bwiadczy o g\u0142\u0119bokich prze\u017cyciach, kt\u00f3re wry\u0142y si\u0119 w pami\u0119\u0107 wtedy m\u0142odego zwiadowcy ppor. Witolda Doma\u0144skiego z 26 pu\u0142ku artylerii lekkiej im. kr\u00f3la W\u0142adys\u0142awa IV z26DP, tekstem rymowanym opisuje t\u0105 krwaw\u0105 bitw\u0119.<\/p>\n<p>&nbsp;<\/p>\n<p>&nbsp;<\/p>\n<p><strong>BZURA<\/strong><\/p>\n<p>Lat ju\u017c dziesi\u0105tki<\/p>\n<p>od tamtych czas\u00f3w,<\/p>\n<p>\u015bci\u015blej to by\u0142 wrzesie\u0144,<\/p>\n<p>a mnie , co roku,<\/p>\n<p>co\u015b nad Bzur\u0119<\/p>\n<p>niesie.<\/p>\n<p>\u017bo\u0142nierz zm\u0119czony<\/p>\n<p>d\u0142ugimi marszy,<\/p>\n<p>w upale i bez<\/p>\n<p>po\u017cywienia.<\/p>\n<p>Tony bomb z g\u00f3ry,<\/p>\n<p>dziesi\u0105tki czo\u0142g\u00f3w,<\/p>\n<p>c\u00f3\u017c do powiedzenia.<\/p>\n<p>Polacy nar\u00f3d waleczny,<\/p>\n<p>od wiek\u00f3w gdy kraj<\/p>\n<p>w potrzebie,<\/p>\n<p>mimo przewagi wroga<\/p>\n<p>w b\u00f3j idzie, nie bacz\u0105c na siebie.<\/p>\n<p>By\u0142em ja \u015bwiadkiem<\/p>\n<p>walecznej szar\u017cy<\/p>\n<p>artyleryjskiej baterii<\/p>\n<p>co wyjecha\u0142a przed front<\/p>\n<p>piechoty mimo czo\u0142gowej<\/p>\n<p>serii.<\/p>\n<p>&nbsp;<\/p>\n<p>Trwa\u0142o to kr\u00f3tko<\/p>\n<p>gdy kanonierzy swe<\/p>\n<p>dzia\u0142a odprzodkowali<\/p>\n<p>wal\u0105 si\u0119 ranni<\/p>\n<p>nawet zabici, lecz oni<\/p>\n<p>swe strza\u0142y oddali.<\/p>\n<p>Siedem cielsk czo\u0142g\u00f3w<\/p>\n<p>spo\u015br\u00f3d dziesi\u0105tek<\/p>\n<p>na polu bitwy zosta\u0142o,<\/p>\n<p>reszta do ty\u0142u,<\/p>\n<p>z hukiem silnik\u00f3w uciek\u0142a,<\/p>\n<p>a\u017c wok\u00f3\u0142 dr\u017ca\u0142o.<\/p>\n<p>To jeden przyk\u0142ad<\/p>\n<p>jak nasi \u017co\u0142nierze<\/p>\n<p>swym m\u0119stwem imponowali,<\/p>\n<p>ale niestety w nied\u0142ugim czasie<\/p>\n<p>pole krzy\u017cami usiali.<\/p>\n<p>Dow\u00f3dc\u00f3w obok nie by\u0142o blisko<\/p>\n<p>co by ich czyny<\/p>\n<p>uznali,<\/p>\n<p>tak wi\u0119c ci w polu,<\/p>\n<p>z dala od sztab\u00f3w,<\/p>\n<p>odznacze\u0144 nie dostawali.<\/p>\n<p>Siedem dni trwa\u0142a<\/p>\n<p>Bitwa nad Bzur\u0105<\/p>\n<p>a\u017c przyszed\u0142 koniec<\/p>\n<p>tej wrzawy,<\/p>\n<p>tysi\u0105ce je\u0144c\u00f3w<\/p>\n<p>wr\u00f3g zabra\u0142 z sob\u0105<\/p>\n<p>a chcieli tak do Warszawy.<\/p>\n<p>Takie obrazy<\/p>\n<p>walecznej walki,<\/p>\n<p>w ko\u0144cu niestety<\/p>\n<p>bezsi\u0142y,<\/p>\n<p>na ca\u0142e \u017cycie<\/p>\n<p>mnie oficera,<\/p>\n<p>na ca\u0142e \u017cycie utkwi\u0142y.<\/p>\n<p>Ja, Warszawianin<\/p>\n<p>Wis\u0142a mi<\/p>\n<p>bliska,<\/p>\n<p>lecz kiedy wspomn\u0119 Bzura,<\/p>\n<p>serce si\u0119<\/p>\n<p>\u015bciska.<\/p>\n<p>Autor: <strong><em>Ppor. Witold Doma\u0144ski<\/em><\/strong><\/p>\n<p>Mieszka\u0144cy miejscowo\u015bci przez, kt\u00f3re przetoczy\u0142a si\u0119 bitwa prze\u017cyli dni grozy i cierpienia. Kiedy ucich\u0142 zgie\u0142k bitwy, przyst\u0105pili do grzebania cia\u0142 poleg\u0142ych \u017co\u0142nierzy. Wiadomo\u015bci jakie dociera\u0142y z okolicznych miejscowo\u015bci by\u0142y przygn\u0119biaj\u0105ce:<\/p>\n<p>W Koz\u0142owie Szlacheckim na cmentarzu parafialnym pochowano 190 poleg\u0142ych \u017co\u0142nierzy.w Kompinie 342, w M\u0142odzieszynie 3773, w Rybnie ponad 1000, w I\u0142owie 1200,w Trojanowie3690\u2026\u2026<\/p>\n<p>W ludzkich sercach zapanowa\u0142a \u017ca\u0142oba. Bardzo g\u0142\u0119boko t\u0105 krwaw\u0105 bitw\u0119 i jej tragiczne skutki prze\u017cy\u0142a pani Katarzyna Kacprowska z Nowego Koz\u0142owa, kt\u00f3ra mieszka\u0142a oko\u0142o 1 km od mogi\u0142y w Nowym D\u0119bsku, napisa\u0142a wiersz, w kt\u00f3rym wyrazi\u0142a sw\u00f3j b\u00f3l i \u017cal. W tym wierszu jest r\u00f3wnie\u017c g\u0142\u0119boki patriotyzm i wiara w zwyci\u0119stwo.<\/p>\n<p>&nbsp;<\/p>\n<p>&nbsp;<\/p>\n<p>PATRIOTYCZNA MOGI\u0141O<\/p>\n<p>&nbsp;<\/p>\n<p>O pi\u0119kna wsi Kaszurku* cicha w historii<\/p>\n<p>L\u015bni\u0105ca w s\u0142o\u0144cu i blasku<\/p>\n<p>S\u0142oneczko \u015bwieci rzuca promienie<\/p>\n<p>Na to ciche pole ka\u017cdy zwr\u00f3ci oczy z wielkim zdumieniem<\/p>\n<p>A zw\u0142aszcza my mieszka\u0144cy<\/p>\n<p>Wsp\u00f3\u0142czuj\u0105ce serce to my Kaszurkowiacy<\/p>\n<p>Czy kto\u015b z Was wie co na naszym polu jest<\/p>\n<p>Jest tu skryty Patriotyzm Polskich Rycerzy<\/p>\n<p>Na kt\u00f3rym widnieje napis<\/p>\n<p>Tu wsp\u00f3lna mogi\u0142a 118 Polskich \u017co\u0142nierzy<\/p>\n<p>Kt\u00f3rzy walczyli krwawi\u0105c obficie<\/p>\n<p>Z wielkim b\u00f3lem na sercu zako\u0144czyli \u017cycie<\/p>\n<p>A teraz le\u017c\u0105 pod czarn\u0105 ga\u0142\u0119zi\u0105<\/p>\n<p>Okry\u0142a ich tylko mogi\u0142a<\/p>\n<p>Za wielki trud przelan\u0105 krew<\/p>\n<p>Daj im B\u00f3g by ta ziemia lekk\u0105 im by\u0142a<\/p>\n<p>A my wszyscy tej wsi mieszka\u0144cy<\/p>\n<p>Skruszmy dla nich serca jak jedni bracia Polacy<\/p>\n<p>I we\u017amy wz\u00f3r od nich poleg\u0142ych<\/p>\n<p>Taka wielko\u015b\u0107 i zacno\u015b\u0107 zbudujmy na \u015bwiecie<\/p>\n<p>Wszystkie ich troski pom\u00f3dlmy si\u0119 za nich<\/p>\n<p>Do Kr\u00f3lowej Korony Polskiej<\/p>\n<p>I wtedy ich duchy b\u0119d\u0105 czuwa\u0142y<\/p>\n<p>Kt\u00f3rzy polegli na tym polu chwa\u0142y<\/p>\n<p>I my winni walczy\u0107 tak jak oni<\/p>\n<p>Szczerze gor\u0105co bodaj bez broni<\/p>\n<p>Jak ogie\u0144 w ogie\u0144 bezbronny na bronnego<\/p>\n<p>Jeden odda swoje \u017cycie za wszystkich<\/p>\n<p>A wszyscy za jednego<\/p>\n<p>B\u0119dziemy si\u0119 broni\u0107 na ka\u017cdym kroku<\/p>\n<p>Bo tak si\u0119 bronili polegli obro\u0144cy ojczyzny<\/p>\n<p>W 1939-tym roku.<\/p>\n<p style=\"text-align: center;\">Autorka:\u00a0<strong><em>Katarzyna Kacprowska z Nowego D\u0119bska<a href=\"http:\/\/paciorek.org\/bitwa\/wp-content\/uploads\/2011\/09\/Wiersze.jpg\"><img loading=\"lazy\" decoding=\"async\" class=\"aligncenter  wp-image-349\" title=\"Wiersze\" src=\"http:\/\/paciorek.org\/bitwa\/wp-content\/uploads\/2011\/09\/Wiersze-1024x730.jpg\" alt=\"\" width=\"502\" height=\"358\" srcset=\"https:\/\/www.bitwanadbzura.pl\/wp-content\/uploads\/2011\/09\/Wiersze-1024x730.jpg 1024w, https:\/\/www.bitwanadbzura.pl\/wp-content\/uploads\/2011\/09\/Wiersze-300x213.jpg 300w\" sizes=\"auto, (max-width: 502px) 100vw, 502px\" \/><\/a><\/em><\/strong><em>*(Kaszurek potoczna nazwa D\u0119bsk \u2013Kasa, dawniej Nowy D\u0119bsk nazywa\u0142 si\u0119 D\u0119bsk \u2013Kasa)<\/em><\/p>\n<p style=\"text-align: center;\">\n<p><a href=\"http:\/\/paciorek.org\/bitwa\/wp-content\/uploads\/2011\/09\/skanowanie0027.jpg\"><img loading=\"lazy\" decoding=\"async\" class=\"aligncenter size-full wp-image-737\" title=\"skanowanie0027\" src=\"http:\/\/paciorek.org\/bitwa\/wp-content\/uploads\/2011\/09\/skanowanie0027.jpg\" alt=\"\" width=\"1096\" height=\"1715\" \/><\/a><\/p>\n<p style=\"text-align: center;\">\n","protected":false},"excerpt":{"rendered":"<p>WIERSZE NAZNACZONE PI\u0118TNEM WOJNY &nbsp; Wiersz napisany przez Witolda Doma\u0144skiego w 2004r., a wi\u0119c 65 lat po krwawej bitwie nad Bzur\u0105. Ten wiersz oddaje atmosfer\u0119 i \u015bwiadczy o g\u0142\u0119bokich prze\u017cyciach, kt\u00f3re wry\u0142y si\u0119 w pami\u0119\u0107 wtedy m\u0142odego zwiadowcy ppor. Witolda Doma\u0144skiego z 26 pu\u0142ku artylerii lekkiej im. kr\u00f3la W\u0142adys\u0142awa IV z26DP, tekstem rymowanym opisuje t\u0105 [&hellip;]<\/p>\n","protected":false},"author":2,"featured_media":0,"parent":15,"menu_order":0,"comment_status":"open","ping_status":"open","template":"","meta":{"footnotes":""},"class_list":["post-65","page","type-page","status-publish","hentry"],"_links":{"self":[{"href":"https:\/\/www.bitwanadbzura.pl\/index.php?rest_route=\/wp\/v2\/pages\/65","targetHints":{"allow":["GET"]}}],"collection":[{"href":"https:\/\/www.bitwanadbzura.pl\/index.php?rest_route=\/wp\/v2\/pages"}],"about":[{"href":"https:\/\/www.bitwanadbzura.pl\/index.php?rest_route=\/wp\/v2\/types\/page"}],"author":[{"embeddable":true,"href":"https:\/\/www.bitwanadbzura.pl\/index.php?rest_route=\/wp\/v2\/users\/2"}],"replies":[{"embeddable":true,"href":"https:\/\/www.bitwanadbzura.pl\/index.php?rest_route=%2Fwp%2Fv2%2Fcomments&post=65"}],"version-history":[{"count":4,"href":"https:\/\/www.bitwanadbzura.pl\/index.php?rest_route=\/wp\/v2\/pages\/65\/revisions"}],"predecessor-version":[{"id":348,"href":"https:\/\/www.bitwanadbzura.pl\/index.php?rest_route=\/wp\/v2\/pages\/65\/revisions\/348"}],"up":[{"embeddable":true,"href":"https:\/\/www.bitwanadbzura.pl\/index.php?rest_route=\/wp\/v2\/pages\/15"}],"wp:attachment":[{"href":"https:\/\/www.bitwanadbzura.pl\/index.php?rest_route=%2Fwp%2Fv2%2Fmedia&parent=65"}],"curies":[{"name":"wp","href":"https:\/\/api.w.org\/{rel}","templated":true}]}}