{"id":886,"date":"2012-12-03T11:52:43","date_gmt":"2012-12-03T10:52:43","guid":{"rendered":"http:\/\/paciorek.org\/bitwa\/?page_id=886"},"modified":"2013-09-26T15:37:20","modified_gmt":"2013-09-26T13:37:20","slug":"886-2","status":"publish","type":"page","link":"https:\/\/www.bitwanadbzura.pl\/?page_id=886","title":{"rendered":"Obchody \u015bwi\u0119ta 11 Listopada"},"content":{"rendered":"<p><strong>Obchody \u015awi\u0119ta 11 Listopada w gminie Nowa Sucha.<\/strong><\/p>\n<p>Stowarzyszenie \u201eSpo\u0142eczny Komitet dla Upami\u0119tnienia Bitwy 26 Dywizji Piechoty w 1939r\u201d z Koz\u0142owa Szlacheckiego, zorganizowa\u0142o uroczyste obchody po\u015bwi\u0119cone 94. rocznicy odzyskania przez Polsk\u0119 niepodleg\u0142o\u015bci.<\/p>\n<p>W ko\u015bciele p.w. \u015bw. Miko\u0142aja w Koz\u0142owie Szlacheckim zosta\u0142a odprawiona uroczysta Msza \u015bw. za Ojczyzn\u0119 sprawowana przez ks. proboszcza W\u0142adys\u0142awa Czaplickiego. Opraw\u0119 muzyczn\u0105 Mszy \u015bw. zapewni\u0142 ch\u00f3r nauczycielski VIVACE pod dyrekcj\u0105 p. Piotra Milczarka z Sochaczewa, kt\u00f3remu towarzyszy\u0142a orkiestra d\u0119ta z Niepokalanowa.<\/p>\n<p>Na wej\u015bciu ch\u00f3r za\u015bpiewa\u0142 pie\u015b\u0144 rycerstwa polskiego \u201eBogurodzica\u201d.<\/p>\n<p>Zaproszonych go\u015bci, ch\u00f3r, orkiestr\u0119 i poczet sztandarowy ze Szko\u0142y Podstawowej w Koz\u0142owie Szlachecki\u00a0 oraz wszystkich zgromadzonych powita\u0142 prezes Stowarzyszenia Alfred Nowi\u0144ski. Nast\u0119pnie zwr\u00f3ci\u0142 si\u0119 z pro\u015bb\u0105 do ks. proboszcza W\u0142adys\u0142awa Czaplickiego o sprawowanie Mszy \u015bw. za Ojczyzn\u0105.<\/p>\n<p>W\u015br\u00f3d zaproszonych go\u015bci byli: Pan W\u00f3jt Gminy Nowa Sucha Maciej Mo\u0144ka z ma\u0142\u017conk\u0105 p. Beat\u0105, Przewodnicz\u0105cy Rady Gminy Nowa Sucha p. Mariusz Mikulski, zast\u0119pca prezesa Stowarzyszenia Senior\u00f3w Gminy Nowa Sucha p. Barbara Kosmalska, p. dyrektor Szko\u0142y Podstawowej im. Bohater\u00f3w Bitwy nad Bzur\u0105 w Koz\u0142owie Szlacheckim Maria Modzelewska-Papiernik, p. dyrektor Publicznego Gimnazjum w Koz\u0142owie Szlacheckim Ma\u0142gorzata Antosik.<\/p>\n<p>Po zako\u0144czonej Mszy \u015bw. ch\u00f3r VIVACE oraz orkiestra z Niepokalanowa dali koncert pie\u015bni patriotycznych i wojskowych ponadto zosta\u0142a wykonana \u201ePie\u015b\u0144 niewolnik\u00f3w hebrajskich\u201d z opery G. Verdiego.<\/p>\n<p>W przerwie koncertu uczniowie ze Szko\u0142y Podstawowej im. Bohater\u00f3w Bitwy nad Bzur\u0105 w Koz\u0142owie Szlacheckim wyrecytowali dwa wiersze: \u201e11 Listopada\u201d: -L. Wiszniewskiego i \u201ePolska\u201d A. S\u0142onimskiego.<\/p>\n<p>Zgromadzonych w Ko\u015bciele mieszka\u0144c\u00f3w Koz\u0142owa i go\u015bci dyrygent zaprosi\u0142 do wsp\u00f3lnego \u015bpiewania co te\u017c uczyniono.<\/p>\n<p>Po koncercie pan W\u00f3jt Maciej Mo\u0144ka podzi\u0119kowa\u0142 ks. proboszczowi za sprawowanie Mszy \u015bw. za Ojczyzn\u0119,\u00a0 ch\u00f3rowi i orkiestrze za pi\u0119kny koncert oraz organizatorom za zorganizowanie po raz pierwszy na terenie Gminy Nowa Sucha obchod\u00f3w \u015bwi\u0119ta odzyskania niepodleg\u0142o\u015bci.<\/p>\n<p>&nbsp;<\/p>\n\n\t\t<style type=\"text\/css\">\n\t\t\t#gallery-1 {\n\t\t\t\tmargin: auto;\n\t\t\t}\n\t\t\t#gallery-1 .gallery-item {\n\t\t\t\tfloat: left;\n\t\t\t\tmargin-top: 10px;\n\t\t\t\ttext-align: center;\n\t\t\t\twidth: 33%;\n\t\t\t}\n\t\t\t#gallery-1 img {\n\t\t\t\tborder: 2px solid #cfcfcf;\n\t\t\t}\n\t\t\t#gallery-1 .gallery-caption {\n\t\t\t\tmargin-left: 0;\n\t\t\t}\n\t\t\t\/* see gallery_shortcode() in wp-includes\/media.php *\/\n\t\t<\/style>\n\t\t<div id='gallery-1' class='gallery galleryid-886 gallery-columns-3 gallery-size-thumbnail'><dl class='gallery-item'>\n\t\t\t<dt class='gallery-icon landscape'>\n\t\t\t\t<a href='https:\/\/www.bitwanadbzura.pl\/?attachment_id=969'><img loading=\"lazy\" decoding=\"async\" width=\"150\" height=\"150\" src=\"https:\/\/www.bitwanadbzura.pl\/wp-content\/uploads\/2012\/12\/DSC00329-150x150.jpg\" class=\"attachment-thumbnail size-thumbnail\" alt=\"\" \/><\/a>\n\t\t\t<\/dt><\/dl><dl class='gallery-item'>\n\t\t\t<dt class='gallery-icon landscape'>\n\t\t\t\t<a href='https:\/\/www.bitwanadbzura.pl\/?attachment_id=970'><img loading=\"lazy\" decoding=\"async\" width=\"150\" height=\"150\" src=\"https:\/\/www.bitwanadbzura.pl\/wp-content\/uploads\/2012\/12\/DSC00330-150x150.jpg\" class=\"attachment-thumbnail size-thumbnail\" alt=\"\" \/><\/a>\n\t\t\t<\/dt><\/dl><dl class='gallery-item'>\n\t\t\t<dt class='gallery-icon landscape'>\n\t\t\t\t<a href='https:\/\/www.bitwanadbzura.pl\/?attachment_id=971'><img loading=\"lazy\" decoding=\"async\" width=\"150\" height=\"150\" src=\"https:\/\/www.bitwanadbzura.pl\/wp-content\/uploads\/2012\/12\/DSC00334-150x150.jpg\" class=\"attachment-thumbnail size-thumbnail\" alt=\"\" \/><\/a>\n\t\t\t<\/dt><\/dl><br style=\"clear: both\" \/><dl class='gallery-item'>\n\t\t\t<dt class='gallery-icon landscape'>\n\t\t\t\t<a href='https:\/\/www.bitwanadbzura.pl\/?attachment_id=972'><img loading=\"lazy\" decoding=\"async\" width=\"150\" height=\"150\" src=\"https:\/\/www.bitwanadbzura.pl\/wp-content\/uploads\/2012\/12\/DSC00335-150x150.jpg\" class=\"attachment-thumbnail size-thumbnail\" alt=\"\" \/><\/a>\n\t\t\t<\/dt><\/dl><dl class='gallery-item'>\n\t\t\t<dt class='gallery-icon landscape'>\n\t\t\t\t<a href='https:\/\/www.bitwanadbzura.pl\/?attachment_id=973'><img loading=\"lazy\" decoding=\"async\" width=\"150\" height=\"150\" src=\"https:\/\/www.bitwanadbzura.pl\/wp-content\/uploads\/2012\/12\/DSC00338-150x150.jpg\" class=\"attachment-thumbnail size-thumbnail\" alt=\"\" \/><\/a>\n\t\t\t<\/dt><\/dl><dl class='gallery-item'>\n\t\t\t<dt class='gallery-icon landscape'>\n\t\t\t\t<a href='https:\/\/www.bitwanadbzura.pl\/?attachment_id=974'><img loading=\"lazy\" decoding=\"async\" width=\"150\" height=\"150\" src=\"https:\/\/www.bitwanadbzura.pl\/wp-content\/uploads\/2012\/12\/DSC00343-150x150.jpg\" class=\"attachment-thumbnail size-thumbnail\" alt=\"\" \/><\/a>\n\t\t\t<\/dt><\/dl><br style=\"clear: both\" \/><dl class='gallery-item'>\n\t\t\t<dt class='gallery-icon landscape'>\n\t\t\t\t<a href='https:\/\/www.bitwanadbzura.pl\/?attachment_id=975'><img loading=\"lazy\" decoding=\"async\" width=\"150\" height=\"150\" src=\"https:\/\/www.bitwanadbzura.pl\/wp-content\/uploads\/2012\/12\/DSC00350-150x150.jpg\" class=\"attachment-thumbnail size-thumbnail\" alt=\"\" \/><\/a>\n\t\t\t<\/dt><\/dl><dl class='gallery-item'>\n\t\t\t<dt class='gallery-icon landscape'>\n\t\t\t\t<a href='https:\/\/www.bitwanadbzura.pl\/?attachment_id=976'><img loading=\"lazy\" decoding=\"async\" width=\"150\" height=\"150\" src=\"https:\/\/www.bitwanadbzura.pl\/wp-content\/uploads\/2012\/12\/DSC00352-150x150.jpg\" class=\"attachment-thumbnail size-thumbnail\" alt=\"\" \/><\/a>\n\t\t\t<\/dt><\/dl><dl class='gallery-item'>\n\t\t\t<dt class='gallery-icon landscape'>\n\t\t\t\t<a href='https:\/\/www.bitwanadbzura.pl\/?attachment_id=977'><img loading=\"lazy\" decoding=\"async\" width=\"150\" height=\"150\" src=\"https:\/\/www.bitwanadbzura.pl\/wp-content\/uploads\/2012\/12\/DSC00355-150x150.jpg\" class=\"attachment-thumbnail size-thumbnail\" alt=\"\" \/><\/a>\n\t\t\t<\/dt><\/dl><br style=\"clear: both\" \/><dl class='gallery-item'>\n\t\t\t<dt class='gallery-icon landscape'>\n\t\t\t\t<a href='https:\/\/www.bitwanadbzura.pl\/?attachment_id=978'><img loading=\"lazy\" decoding=\"async\" width=\"150\" height=\"150\" src=\"https:\/\/www.bitwanadbzura.pl\/wp-content\/uploads\/2012\/12\/DSC00356-150x150.jpg\" class=\"attachment-thumbnail size-thumbnail\" alt=\"\" \/><\/a>\n\t\t\t<\/dt><\/dl><dl class='gallery-item'>\n\t\t\t<dt class='gallery-icon landscape'>\n\t\t\t\t<a href='https:\/\/www.bitwanadbzura.pl\/?attachment_id=979'><img loading=\"lazy\" decoding=\"async\" width=\"150\" height=\"150\" src=\"https:\/\/www.bitwanadbzura.pl\/wp-content\/uploads\/2012\/12\/DSC00359-150x150.jpg\" class=\"attachment-thumbnail size-thumbnail\" alt=\"\" \/><\/a>\n\t\t\t<\/dt><\/dl><dl class='gallery-item'>\n\t\t\t<dt class='gallery-icon landscape'>\n\t\t\t\t<a href='https:\/\/www.bitwanadbzura.pl\/?attachment_id=980'><img loading=\"lazy\" decoding=\"async\" width=\"150\" height=\"150\" src=\"https:\/\/www.bitwanadbzura.pl\/wp-content\/uploads\/2012\/12\/DSC00361-150x150.jpg\" class=\"attachment-thumbnail size-thumbnail\" alt=\"\" \/><\/a>\n\t\t\t<\/dt><\/dl><br style=\"clear: both\" \/><dl class='gallery-item'>\n\t\t\t<dt class='gallery-icon portrait'>\n\t\t\t\t<a href='https:\/\/www.bitwanadbzura.pl\/?attachment_id=981'><img loading=\"lazy\" decoding=\"async\" width=\"150\" height=\"150\" src=\"https:\/\/www.bitwanadbzura.pl\/wp-content\/uploads\/2012\/12\/DSC00366-150x150.jpg\" class=\"attachment-thumbnail size-thumbnail\" alt=\"\" \/><\/a>\n\t\t\t<\/dt><\/dl>\n\t\t\t<br style='clear: both' \/>\n\t\t<\/div>\n\n","protected":false},"excerpt":{"rendered":"<p>Obchody \u015awi\u0119ta 11 Listopada w gminie Nowa Sucha. Stowarzyszenie \u201eSpo\u0142eczny Komitet dla Upami\u0119tnienia Bitwy 26 Dywizji Piechoty w 1939r\u201d z Koz\u0142owa Szlacheckiego, zorganizowa\u0142o uroczyste obchody po\u015bwi\u0119cone 94. rocznicy odzyskania przez Polsk\u0119 niepodleg\u0142o\u015bci. W ko\u015bciele p.w. \u015bw. Miko\u0142aja w Koz\u0142owie Szlacheckim zosta\u0142a odprawiona uroczysta Msza \u015bw. za Ojczyzn\u0119 sprawowana przez ks. proboszcza W\u0142adys\u0142awa Czaplickiego. Opraw\u0119 muzyczn\u0105 [&hellip;]<\/p>\n","protected":false},"author":2,"featured_media":0,"parent":4,"menu_order":0,"comment_status":"closed","ping_status":"open","template":"","meta":{"footnotes":""},"class_list":["post-886","page","type-page","status-publish","hentry"],"_links":{"self":[{"href":"https:\/\/www.bitwanadbzura.pl\/index.php?rest_route=\/wp\/v2\/pages\/886","targetHints":{"allow":["GET"]}}],"collection":[{"href":"https:\/\/www.bitwanadbzura.pl\/index.php?rest_route=\/wp\/v2\/pages"}],"about":[{"href":"https:\/\/www.bitwanadbzura.pl\/index.php?rest_route=\/wp\/v2\/types\/page"}],"author":[{"embeddable":true,"href":"https:\/\/www.bitwanadbzura.pl\/index.php?rest_route=\/wp\/v2\/users\/2"}],"replies":[{"embeddable":true,"href":"https:\/\/www.bitwanadbzura.pl\/index.php?rest_route=%2Fwp%2Fv2%2Fcomments&post=886"}],"version-history":[{"count":10,"href":"https:\/\/www.bitwanadbzura.pl\/index.php?rest_route=\/wp\/v2\/pages\/886\/revisions"}],"predecessor-version":[{"id":888,"href":"https:\/\/www.bitwanadbzura.pl\/index.php?rest_route=\/wp\/v2\/pages\/886\/revisions\/888"}],"up":[{"embeddable":true,"href":"https:\/\/www.bitwanadbzura.pl\/index.php?rest_route=\/wp\/v2\/pages\/4"}],"wp:attachment":[{"href":"https:\/\/www.bitwanadbzura.pl\/index.php?rest_route=%2Fwp%2Fv2%2Fmedia&parent=886"}],"curies":[{"name":"wp","href":"https:\/\/api.w.org\/{rel}","templated":true}]}}